{"id":11348,"date":"2019-11-18T15:54:02","date_gmt":"2019-11-18T15:54:02","guid":{"rendered":"http:\/\/californiaraisins.ca\/the-great-baker-contest-french\/"},"modified":"2020-02-19T22:00:51","modified_gmt":"2020-02-19T22:00:51","slug":"concours-complete","status":"publish","type":"page","link":"https:\/\/californiaraisins.ca\/fr\/concours-complete\/","title":{"rendered":"Le grand concours de p\u00e2tisserie California Raisins"},"content":{"rendered":"<div class=\"wpb-content-wrapper\">[vc_row full_width=\u00a0\u00bbstretch_row\u00a0\u00bb css=\u00a0\u00bb.vc_custom_1574802053277{padding-top: 0px !important;}\u00a0\u00bb][vc_column][vc_column_text]\n<h1 style=\"text-align: center;\"><b>Le grand concours de p\u00e2tisserie California Raisins<\/b><\/h1>\n[\/vc_column_text][\/vc_column][\/vc_row][vc_row full_width=\u00a0\u00bbstretch_row\u00a0\u00bb css=\u00a0\u00bb.vc_custom_1574285463582{padding-top: 0px !important;padding-bottom: 0px !important;background-color: #ffffff !important;}\u00a0\u00bb][vc_column css=\u00a0\u00bb.vc_custom_1574802383263{padding-top: 0px !important;}\u00a0\u00bb][vc_column_text]\n<h2 style=\"text-align: center;\">Vous \u00eates un professionnel de la p\u00e2tisserie ou de la boulangerie ou en voie de le devenir?<\/h2>\n<p style=\"text-align: center;\">Participez au grand concours de p\u00e2tisserie et de boulangerie des raisins de la Californie et illuminez votre cuisine d\u2019un peu de soleil de la c\u00f4te ouest.<\/p>\n<p style=\"text-align: center;\">Fabriquez un nouveau pain ou une nouvelle p\u00e2tisserie aux raisins secs en utilisant nos California Raisins et inscrivez-vous pour courir la chance de participer \u00e0 la ronde finale qui aura lieu au Bakery Showcase de Toronto, les 26 et 27 avril 2020.<\/p>\n<p style=\"text-align: center;\"><em>Le concours, qui se d\u00e9roulera du 16 d\u00e9cembre 2019 au 14 f\u00e9vrier 2020, s\u2019adresse aux boulangers et p\u00e2tissiers professionnels de partout au Canada<\/em>.<\/p>\n<p style=\"text-align: center;\">Six finalistes pr\u00e9pareront leurs cr\u00e9ations pour un jury compos\u00e9 de membres de l\u2019industrie. Les deux grands gagnants remporteront un voyage en Californie et une inscription \u00e0 un cours \u00e0 la Culinary Institute of America!<\/p>\n<p style=\"text-align: center;\"><strong>Inscrivez-vous ci-dessous pour courir la change de gagner!<\/strong><\/p>\n<p style=\"text-align: center;\">Un gagnant sera choisi pour chacune des cat\u00e9gories suivantes : meilleur pain aux raisins secs et meilleure p\u00e2tisserie aux raisins secs.<\/p>\n[\/vc_column_text][vc_column_text css=\u00a0\u00bb.vc_custom_1574351950938{padding-top: 0px !important;padding-bottom: 0px !important;}\u00a0\u00bb]<strong>PARTICIPANTS ADMISSIBLES<\/strong>[\/vc_column_text]<ul class=\"list tt_animate_none contest-icon-list fa-ul\"><li><i class=\"fa-li fa fa-caret-right\" style=\"color:#9f0040;\"><\/i>Boulangers et p\u00e2tissiers, de m\u00eame que le personnel de recherche et d\u00e9veloppement d\u2019entreprises de boulangerie et de p\u00e2tisserie commerciales.<\/li><li><i class=\"fa-li fa fa-caret-right\" style=\"color:#9f0040;\"><\/i>Boulangers et p\u00e2tissiers artisanaux ou propri\u00e9taires\/g\u00e9rants de commerces de d\u00e9tail.<\/li><li><i class=\"fa-li fa fa-caret-right\" style=\"color:#9f0040;\"><\/i>Professeurs certifi\u00e9s en boulangerie ou en p\u00e2tisserie<\/li><li><i class=\"fa-li fa fa-caret-right\" style=\"color:#9f0040;\"><\/i>\u00c9tudiants inscrits dans des programmes de boulangerie ou de p\u00e2tisserie reconnus<\/li><li><i class=\"fa-li fa fa-caret-right\" style=\"color:#9f0040;\"><\/i>Techniciens en boulangerie et en p\u00e2tisserie \u00e0 l\u2019emploi de grossistes de produits de boulangerie et de p\u00e2tisserie, de soci\u00e9t\u00e9s meuni\u00e8res et d\u2019autres fournisseurs d\u2019ingr\u00e9dients affili\u00e9s.<\/li><li><i class=\"fa-li fa fa-caret-right\" style=\"color:#9f0040;\"><\/i>Tous les participants doivent \u00eatre \u00e2g\u00e9s de 18 ans et plus et autoris\u00e9s l\u00e9galement \u00e0 travailler au Canada.<\/li><\/ul><div class=\"hr {$custom_css_class}\">&nbsp;<\/div>[\/vc_column][\/vc_row][vc_row css=\u00a0\u00bb.vc_custom_1574285406737{padding-top: 0px !important;padding-bottom: 40px !important;}\u00a0\u00bb][vc_column el_class=\u00a0\u00bbform-wrapper\u00a0\u00bb][vc_column_text]* Champs requis<\/p>\n[gravityform id=\u00a0\u00bb3&Prime; title=\u00a0\u00bbtrue\u00a0\u00bb description=\u00a0\u00bbtrue\u00a0\u00bb]\n<p class=\"mt-5\">Pour toute question ou tout commentaire, veuillez communiquer avec nous \u00e0 l\u2019adresse \u2013 <a href=\"mailto:raisinsCA@argylepr.com\">raisinsCA@argylepr.com<\/a><\/p>\n[\/vc_column_text][\/vc_column][\/vc_row]\n<\/div>","protected":false},"excerpt":{"rendered":"<p>[vc_row full_width=\u00a0\u00bbstretch_row\u00a0\u00bb css=\u00a0\u00bb.vc_custom_1574802053277{padding-top: 0px !important;}\u00a0\u00bb][vc_column][vc_column_text]<br \/>\nLe grand concours de p\u00e2tisserie California Raisins<br \/>\n[\/vc_column_text][\/vc_column][\/vc_row][vc_row full_width=\u00a0\u00bbstretch_row\u00a0\u00bb css=\u00a0\u00bb.vc_custom_1574285463582{padding-top: 0px !important;padding-bottom: 0px !important;background-color: #ffffff !important;}\u00a0\u00bb][vc_column css=\u00a0\u00bb.vc_custom_1574802383263{padding-top: 0px !important;}\u00a0\u00bb][vc_column_text]<br \/>\nVous \u00eates un professionnel de la p\u00e2tisserie ou de la boulangerie ou en voie de le devenir?<br \/>\nParticipez au grand concours de p\u00e2tisserie et de boulangerie des raisins de la Californie et illuminez votre cuisine d\u2019un peu de soleil de la c\u00f4te ouest.<br \/>\nFabriquez un nouveau pain ou une nouvelle p\u00e2tisserie aux raisins secs en utilisant &#8230;<\/p>\n","protected":false},"author":10,"featured_media":0,"parent":0,"menu_order":0,"comment_status":"closed","ping_status":"closed","template":"","meta":{"footnotes":""},"class_list":["post-11348","page","type-page","status-publish","hentry"],"yoast_head":"<!-- This site is optimized with the Yoast SEO plugin v27.4 - https:\/\/yoast.com\/product\/yoast-seo-wordpress\/ -->\n<title>Le grand concours de p\u00e2tisserie California Raisins - California Raisins in Canada<\/title>\n<meta name=\"description\" content=\"California Raisins invite des boulangers-p\u00e2tissiers professionnels canadiens \u00e0 d\u00e9velopper un nouveau pain aux raisins secs ou une patisserie aux raisins sec pour une chance de gagner!\" \/>\n<meta name=\"robots\" content=\"index, follow, max-snippet:-1, max-image-preview:large, max-video-preview:-1\" \/>\n<link rel=\"canonical\" href=\"https:\/\/californiaraisins.ca\/fr\/concours-complete\/\" \/>\n<meta property=\"og:locale\" content=\"fr_FR\" \/>\n<meta property=\"og:type\" content=\"article\" \/>\n<meta property=\"og:title\" content=\"Le grand concours de p\u00e2tisserie California Raisins - California Raisins in Canada\" \/>\n<meta property=\"og:description\" content=\"California Raisins invite des boulangers-p\u00e2tissiers professionnels canadiens \u00e0 d\u00e9velopper un nouveau pain aux raisins secs ou une patisserie aux raisins sec pour une chance de gagner!\" \/>\n<meta property=\"og:url\" content=\"https:\/\/californiaraisins.ca\/fr\/concours-complete\/\" \/>\n<meta property=\"og:site_name\" content=\"California Raisins in Canada\" \/>\n<meta property=\"article:modified_time\" content=\"2020-02-19T22:00:51+00:00\" \/>\n<meta name=\"twitter:card\" content=\"summary_large_image\" \/>\n<meta name=\"twitter:label1\" content=\"Dur\u00e9e de lecture estim\u00e9e\" \/>\n\t<meta name=\"twitter:data1\" content=\"3 minutes\" \/>\n<script type=\"application\/ld+json\" class=\"yoast-schema-graph\">{\"@context\":\"https:\\\/\\\/schema.org\",\"@graph\":[{\"@type\":\"WebPage\",\"@id\":\"https:\\\/\\\/californiaraisins.ca\\\/fr\\\/concours-complete\\\/\",\"url\":\"https:\\\/\\\/californiaraisins.ca\\\/fr\\\/concours-complete\\\/\",\"name\":\"Le grand concours de p\u00e2tisserie California Raisins - California Raisins in Canada\",\"isPartOf\":{\"@id\":\"https:\\\/\\\/californiaraisins.ca\\\/fr\\\/#website\"},\"datePublished\":\"2019-11-18T15:54:02+00:00\",\"dateModified\":\"2020-02-19T22:00:51+00:00\",\"description\":\"California Raisins invite des boulangers-p\u00e2tissiers professionnels canadiens \u00e0 d\u00e9velopper un nouveau pain aux raisins secs ou une patisserie aux raisins sec pour une chance de gagner!\",\"breadcrumb\":{\"@id\":\"https:\\\/\\\/californiaraisins.ca\\\/fr\\\/concours-complete\\\/#breadcrumb\"},\"inLanguage\":\"fr-FR\",\"potentialAction\":[{\"@type\":\"ReadAction\",\"target\":[\"https:\\\/\\\/californiaraisins.ca\\\/fr\\\/concours-complete\\\/\"]}]},{\"@type\":\"BreadcrumbList\",\"@id\":\"https:\\\/\\\/californiaraisins.ca\\\/fr\\\/concours-complete\\\/#breadcrumb\",\"itemListElement\":[{\"@type\":\"ListItem\",\"position\":1,\"name\":\"Home\",\"item\":\"https:\\\/\\\/californiaraisins.ca\\\/fr\\\/\"},{\"@type\":\"ListItem\",\"position\":2,\"name\":\"Le grand concours de p\u00e2tisserie California Raisins\"}]},{\"@type\":\"WebSite\",\"@id\":\"https:\\\/\\\/californiaraisins.ca\\\/fr\\\/#website\",\"url\":\"https:\\\/\\\/californiaraisins.ca\\\/fr\\\/\",\"name\":\"California Raisins in Canada\",\"description\":\"California Raisins in Canada\",\"potentialAction\":[{\"@type\":\"SearchAction\",\"target\":{\"@type\":\"EntryPoint\",\"urlTemplate\":\"https:\\\/\\\/californiaraisins.ca\\\/fr\\\/?s={search_term_string}\"},\"query-input\":{\"@type\":\"PropertyValueSpecification\",\"valueRequired\":true,\"valueName\":\"search_term_string\"}}],\"inLanguage\":\"fr-FR\"}]}<\/script>\n<!-- \/ Yoast SEO plugin. -->","yoast_head_json":{"title":"Le grand concours de p\u00e2tisserie California Raisins - California Raisins in Canada","description":"California Raisins invite des boulangers-p\u00e2tissiers professionnels canadiens \u00e0 d\u00e9velopper un nouveau pain aux raisins secs ou une patisserie aux raisins sec pour une chance de gagner!","robots":{"index":"index","follow":"follow","max-snippet":"max-snippet:-1","max-image-preview":"max-image-preview:large","max-video-preview":"max-video-preview:-1"},"canonical":"https:\/\/californiaraisins.ca\/fr\/concours-complete\/","og_locale":"fr_FR","og_type":"article","og_title":"Le grand concours de p\u00e2tisserie California Raisins - California Raisins in Canada","og_description":"California Raisins invite des boulangers-p\u00e2tissiers professionnels canadiens \u00e0 d\u00e9velopper un nouveau pain aux raisins secs ou une patisserie aux raisins sec pour une chance de gagner!","og_url":"https:\/\/californiaraisins.ca\/fr\/concours-complete\/","og_site_name":"California Raisins in Canada","article_modified_time":"2020-02-19T22:00:51+00:00","twitter_card":"summary_large_image","twitter_misc":{"Dur\u00e9e de lecture estim\u00e9e":"3 minutes"},"schema":{"@context":"https:\/\/schema.org","@graph":[{"@type":"WebPage","@id":"https:\/\/californiaraisins.ca\/fr\/concours-complete\/","url":"https:\/\/californiaraisins.ca\/fr\/concours-complete\/","name":"Le grand concours de p\u00e2tisserie California Raisins - California Raisins in Canada","isPartOf":{"@id":"https:\/\/californiaraisins.ca\/fr\/#website"},"datePublished":"2019-11-18T15:54:02+00:00","dateModified":"2020-02-19T22:00:51+00:00","description":"California Raisins invite des boulangers-p\u00e2tissiers professionnels canadiens \u00e0 d\u00e9velopper un nouveau pain aux raisins secs ou une patisserie aux raisins sec pour une chance de gagner!","breadcrumb":{"@id":"https:\/\/californiaraisins.ca\/fr\/concours-complete\/#breadcrumb"},"inLanguage":"fr-FR","potentialAction":[{"@type":"ReadAction","target":["https:\/\/californiaraisins.ca\/fr\/concours-complete\/"]}]},{"@type":"BreadcrumbList","@id":"https:\/\/californiaraisins.ca\/fr\/concours-complete\/#breadcrumb","itemListElement":[{"@type":"ListItem","position":1,"name":"Home","item":"https:\/\/californiaraisins.ca\/fr\/"},{"@type":"ListItem","position":2,"name":"Le grand concours de p\u00e2tisserie California Raisins"}]},{"@type":"WebSite","@id":"https:\/\/californiaraisins.ca\/fr\/#website","url":"https:\/\/californiaraisins.ca\/fr\/","name":"California Raisins in Canada","description":"California Raisins in Canada","potentialAction":[{"@type":"SearchAction","target":{"@type":"EntryPoint","urlTemplate":"https:\/\/californiaraisins.ca\/fr\/?s={search_term_string}"},"query-input":{"@type":"PropertyValueSpecification","valueRequired":true,"valueName":"search_term_string"}}],"inLanguage":"fr-FR"}]}},"_links":{"self":[{"href":"https:\/\/californiaraisins.ca\/fr\/wp-json\/wp\/v2\/pages\/11348","targetHints":{"allow":["GET"]}}],"collection":[{"href":"https:\/\/californiaraisins.ca\/fr\/wp-json\/wp\/v2\/pages"}],"about":[{"href":"https:\/\/californiaraisins.ca\/fr\/wp-json\/wp\/v2\/types\/page"}],"author":[{"embeddable":true,"href":"https:\/\/californiaraisins.ca\/fr\/wp-json\/wp\/v2\/users\/10"}],"replies":[{"embeddable":true,"href":"https:\/\/californiaraisins.ca\/fr\/wp-json\/wp\/v2\/comments?post=11348"}],"version-history":[{"count":9,"href":"https:\/\/californiaraisins.ca\/fr\/wp-json\/wp\/v2\/pages\/11348\/revisions"}],"predecessor-version":[{"id":11928,"href":"https:\/\/californiaraisins.ca\/fr\/wp-json\/wp\/v2\/pages\/11348\/revisions\/11928"}],"wp:attachment":[{"href":"https:\/\/californiaraisins.ca\/fr\/wp-json\/wp\/v2\/media?parent=11348"}],"curies":[{"name":"wp","href":"https:\/\/api.w.org\/{rel}","templated":true}]}}