{"id":11377,"date":"2015-06-28T01:20:17","date_gmt":"2015-06-28T01:20:17","guid":{"rendered":"http:\/\/californiaraisins.ca\/french-home\/"},"modified":"2020-07-15T18:43:19","modified_gmt":"2020-07-15T18:43:19","slug":"home","status":"publish","type":"page","link":"https:\/\/californiaraisins.ca\/fr\/home\/","title":{"rendered":"Home"},"content":{"rendered":"<div class=\"wpb-content-wrapper\">[vc_row full_width=\u00a0\u00bbstretch_row\u00a0\u00bb css=\u00a0\u00bb.vc_custom_1574026316422{padding-top: 0px !important;padding-bottom: 0px !important;background-color: #ffffff !important;}\u00a0\u00bb][vc_column][vc_column_text]\n<h1 style=\"text-align: center;\">Les raisins secs de Californie<\/h1>\n<h2 style=\"text-align: center;\">Des grains de nature en collation.<\/h2>\n<p style=\"text-align: center;\">Les raisins secs de Californie. Sans sucre ajout\u00e9, mais naturellement sucr\u00e9s. Un seul ingr\u00e9dient dans la liste : <span style=\"color: #9f0140; font-weight: bold; font-size: 2.15rem;\">Raisins\u00a0secs<\/span>.<\/p>\n[\/vc_column_text][\/vc_column][\/vc_row][vc_row full_width=\u00a0\u00bbstretch_row\u00a0\u00bb equal_height=\u00a0\u00bbyes\u00a0\u00bb css=\u00a0\u00bb.vc_custom_1574553349924{padding-top: 30px !important;padding-bottom: 5px !important;}\u00a0\u00bb el_class=\u00a0\u00bbrecipe-cards-grid\u00a0\u00bb][vc_column width=\u00a0\u00bb1\/4&Prime;]<div class=\"true-image-box-1 tt_animate_none home-image-box weqzwIHa\"><div class=\"true-img-wrap\"><img loading=\"lazy\" decoding=\"async\" width=\"684\" height=\"684\" src=\"https:\/\/californiaraisins.ca\/wp-content\/uploads\/2020\/07\/home-about.jpg\" class=\"attachment-large size-large\" alt=\"\" srcset=\"https:\/\/californiaraisins.ca\/wp-content\/uploads\/2020\/07\/home-about.jpg 684w, https:\/\/californiaraisins.ca\/wp-content\/uploads\/2020\/07\/home-about-300x300.jpg 300w, https:\/\/californiaraisins.ca\/wp-content\/uploads\/2020\/07\/home-about-150x150.jpg 150w, https:\/\/californiaraisins.ca\/wp-content\/uploads\/2020\/07\/home-about-71x71.jpg 71w, https:\/\/californiaraisins.ca\/wp-content\/uploads\/2020\/07\/home-about-36x36.jpg 36w\" sizes=\"auto, (max-width: 684px) 100vw, 684px\" \/><\/div><div class=\"true-text-wrap\"><div class=\"callout-heading-wrap true-montserrat\"><h4><\/h4><h3><\/h3><\/div><div class=\"callout-details-wrap\">\n<p style=\"text-align: center;\"><a href=\"#\">\u00c0 propos des raisins secs de Californie<\/a><\/p>\n<\/div><\/div><\/div>[\/vc_column][vc_column width=\u00a0\u00bb1\/4&Prime;]<div class=\"true-image-box-1 tt_animate_none home-image-box UbXQwlAq\"><div class=\"true-img-wrap\"><img loading=\"lazy\" decoding=\"async\" width=\"684\" height=\"684\" src=\"https:\/\/californiaraisins.ca\/wp-content\/uploads\/2020\/07\/home-raisinsnyou.jpg\" class=\"attachment-large size-large\" alt=\"\" srcset=\"https:\/\/californiaraisins.ca\/wp-content\/uploads\/2020\/07\/home-raisinsnyou.jpg 684w, https:\/\/californiaraisins.ca\/wp-content\/uploads\/2020\/07\/home-raisinsnyou-300x300.jpg 300w, https:\/\/californiaraisins.ca\/wp-content\/uploads\/2020\/07\/home-raisinsnyou-150x150.jpg 150w, https:\/\/californiaraisins.ca\/wp-content\/uploads\/2020\/07\/home-raisinsnyou-71x71.jpg 71w, https:\/\/californiaraisins.ca\/wp-content\/uploads\/2020\/07\/home-raisinsnyou-36x36.jpg 36w\" sizes=\"auto, (max-width: 684px) 100vw, 684px\" \/><\/div><div class=\"true-text-wrap\"><div class=\"callout-heading-wrap true-montserrat\"><h4><\/h4><h3><\/h3><\/div><div class=\"callout-details-wrap\">\n<p style=\"text-align: center;\"><a href=\"#\">Les raisins secs et vous.<\/a><\/p>\n<\/div><\/div><\/div>[\/vc_column][vc_column width=\u00a0\u00bb1\/4&Prime;]<div class=\"true-image-box-1 tt_animate_none home-image-box rqMheLmh\"><div class=\"true-img-wrap\"><img loading=\"lazy\" decoding=\"async\" width=\"684\" height=\"684\" src=\"https:\/\/californiaraisins.ca\/wp-content\/uploads\/2020\/07\/home-recipes.jpg\" class=\"attachment-large size-large\" alt=\"\" srcset=\"https:\/\/californiaraisins.ca\/wp-content\/uploads\/2020\/07\/home-recipes.jpg 684w, https:\/\/californiaraisins.ca\/wp-content\/uploads\/2020\/07\/home-recipes-300x300.jpg 300w, https:\/\/californiaraisins.ca\/wp-content\/uploads\/2020\/07\/home-recipes-150x150.jpg 150w, https:\/\/californiaraisins.ca\/wp-content\/uploads\/2020\/07\/home-recipes-71x71.jpg 71w, https:\/\/californiaraisins.ca\/wp-content\/uploads\/2020\/07\/home-recipes-36x36.jpg 36w\" sizes=\"auto, (max-width: 684px) 100vw, 684px\" \/><\/div><div class=\"true-text-wrap\"><div class=\"callout-heading-wrap true-montserrat\"><h4><\/h4><h3><\/h3><\/div><div class=\"callout-details-wrap\">\n<p style=\"text-align: center;\"><a href=\"#\">Recettes de raisins secs<\/a><\/p>\n<\/div><\/div><\/div>[\/vc_column][vc_column width=\u00a0\u00bb1\/4&Prime;]<div class=\"true-image-box-1 tt_animate_none home-image-box GtAWYIpL\"><div class=\"true-img-wrap\"><\/div><div class=\"true-text-wrap\"><div class=\"callout-heading-wrap true-montserrat\"><h4><\/h4><h3><\/h3><\/div><div class=\"callout-details-wrap\">\n<p style=\"text-align: center;\"><a href=\"#\">Notre industrie<\/a><\/p>\n<\/div><\/div><\/div>[\/vc_column][\/vc_row][vc_row full_width=\u00a0\u00bbstretch_row\u00a0\u00bb equal_height=\u00a0\u00bbyes\u00a0\u00bb css=\u00a0\u00bb.vc_custom_1594828174057{padding-top: 30px !important;padding-bottom: 5px !important;}\u00a0\u00bb el_class=\u00a0\u00bbhome-recipe-feature\u00a0\u00bb][vc_column width=\u00a0\u00bb1\/2&Prime;][vc_single_image image=\u00a0\u00bb12071&Prime; img_size=\u00a0\u00bbfull\u00a0\u00bb alignment=\u00a0\u00bbcenter\u00a0\u00bb el_class=\u00a0\u00bbimg-fluid\u00a0\u00bb][\/vc_column][vc_column width=\u00a0\u00bb1\/2&Prime; el_class=\u00a0\u00bbhome-recipe-info\u00a0\u00bb][vc_column_text]\n<div class=\"page\" title=\"Page 1\">\n<div class=\"section\">\n<div class=\"layoutArea\">\n<div class=\"column\">\n<h2 style=\"text-align: center;\">Quick California Cubs<\/h2>\n<p style=\"text-align: center;\">Try out this healthy treat as a snack or breakfast option!<\/p>\n<p style=\"text-align: center;\"><a href=\"#\">View Recipe &gt;<\/a><\/p>\n<\/div>\n<\/div>\n<\/div>\n<\/div>\n[\/vc_column_text][\/vc_column][\/vc_row]\n<\/div>","protected":false},"excerpt":{"rendered":"<p>[vc_row full_width=\u00a0\u00bbstretch_row\u00a0\u00bb css=\u00a0\u00bb.vc_custom_1574026316422{padding-top: 0px !important;padding-bottom: 0px !important;background-color: #ffffff !important;}\u00a0\u00bb][vc_column][vc_column_text]<br \/>\nLes raisins secs de Californie<br \/>\nDes grains de nature en collation.<br \/>\nLes raisins secs de Californie. Sans sucre ajout\u00e9, mais naturellement sucr\u00e9s. Un seul ingr\u00e9dient dans la liste : Raisins\u00a0secs.<br \/>\n[\/vc_column_text][\/vc_column][\/vc_row][vc_row full_width=\u00a0\u00bbstretch_row\u00a0\u00bb equal_height=\u00a0\u00bbyes\u00a0\u00bb css=\u00a0\u00bb.vc_custom_1574553349924{padding-top: 30px !important;padding-bottom: 5px !important;}\u00a0\u00bb el_class=\u00a0\u00bbrecipe-cards-grid\u00a0\u00bb][vc_column width=\u00a0\u00bb1\/4&Prime;][\/vc_column][vc_column width=\u00a0\u00bb1\/4&Prime;][\/vc_column][vc_column width=\u00a0\u00bb1\/4&Prime;][\/vc_column][vc_column width=\u00a0\u00bb1\/4&Prime;][\/vc_column][\/vc_row][vc_row full_width=\u00a0\u00bbstretch_row\u00a0\u00bb equal_height=\u00a0\u00bbyes\u00a0\u00bb css=\u00a0\u00bb.vc_custom_1594828174057{padding-top: 30px !important;padding-bottom: 5px !important;}\u00a0\u00bb el_class=\u00a0\u00bbhome-recipe-feature\u00a0\u00bb][vc_column width=\u00a0\u00bb1\/2&Prime;][vc_single_image image=\u00a0\u00bb12071&Prime; img_size=\u00a0\u00bbfull\u00a0\u00bb alignment=\u00a0\u00bbcenter\u00a0\u00bb el_class=\u00a0\u00bbimg-fluid\u00a0\u00bb][\/vc_column][vc_column width=\u00a0\u00bb1\/2&Prime; el_class=\u00a0\u00bbhome-recipe-info\u00a0\u00bb][vc_column_text]<\/p>\n<p>\nQuick California Cubs<br \/>\nTry out this healthy treat as &#8230;<\/p>\n","protected":false},"author":10,"featured_media":0,"parent":0,"menu_order":0,"comment_status":"closed","ping_status":"closed","template":"","meta":{"footnotes":""},"class_list":["post-11377","page","type-page","status-publish","hentry"],"yoast_head":"<!-- This site is optimized with the Yoast SEO plugin v27.4 - https:\/\/yoast.com\/product\/yoast-seo-wordpress\/ -->\n<title>Home - California Raisins in Canada<\/title>\n<meta name=\"description\" content=\"Try naturally sweet California Raisins to bring a little sunshine to your baking and snacking!\" \/>\n<meta name=\"robots\" content=\"index, follow, max-snippet:-1, max-image-preview:large, max-video-preview:-1\" \/>\n<link rel=\"canonical\" href=\"https:\/\/californiaraisins.ca\/fr\/home\/\" \/>\n<meta property=\"og:locale\" content=\"fr_FR\" \/>\n<meta property=\"og:type\" content=\"article\" \/>\n<meta property=\"og:title\" content=\"The Great California Raisin Baking Contest\" \/>\n<meta property=\"og:description\" content=\"Join the Great California Raisin Baking Contest and bring a little California sunshine into your kitchen.\" \/>\n<meta property=\"og:url\" content=\"https:\/\/californiaraisins.ca\/fr\/home\/\" \/>\n<meta property=\"og:site_name\" content=\"California Raisins in Canada\" \/>\n<meta property=\"article:modified_time\" content=\"2020-07-15T18:43:19+00:00\" \/>\n<meta property=\"og:image\" content=\"https:\/\/californiaraisins.ca\/wp-content\/uploads\/2019\/12\/california-raisins-facebook.jpg\" \/>\n\t<meta property=\"og:image:width\" content=\"1200\" \/>\n\t<meta property=\"og:image:height\" content=\"630\" \/>\n\t<meta property=\"og:image:type\" content=\"image\/jpeg\" \/>\n<meta name=\"twitter:card\" content=\"summary_large_image\" \/>\n<meta name=\"twitter:title\" content=\"The Great California Raisin Baking Contest\" \/>\n<meta name=\"twitter:description\" content=\"Join the Great California Raisin Baking Contest and bring a little California sunshine into your kitchen http:\/\/californiaraisins.ca\/\" \/>\n<meta name=\"twitter:image\" content=\"http:\/\/californiaraisins.ca\/wp-content\/uploads\/2019\/12\/california-raisins-twitter.jpg\" \/>\n<meta name=\"twitter:label1\" content=\"Dur\u00e9e de lecture estim\u00e9e\" \/>\n\t<meta name=\"twitter:data1\" content=\"2 minutes\" \/>\n<script type=\"application\/ld+json\" class=\"yoast-schema-graph\">{\"@context\":\"https:\\\/\\\/schema.org\",\"@graph\":[{\"@type\":\"WebPage\",\"@id\":\"https:\\\/\\\/californiaraisins.ca\\\/fr\\\/home\\\/\",\"url\":\"https:\\\/\\\/californiaraisins.ca\\\/fr\\\/home\\\/\",\"name\":\"Home - California Raisins in Canada\",\"isPartOf\":{\"@id\":\"https:\\\/\\\/californiaraisins.ca\\\/fr\\\/#website\"},\"datePublished\":\"2015-06-28T01:20:17+00:00\",\"dateModified\":\"2020-07-15T18:43:19+00:00\",\"description\":\"Try naturally sweet California Raisins to bring a little sunshine to your baking and snacking!\",\"breadcrumb\":{\"@id\":\"https:\\\/\\\/californiaraisins.ca\\\/fr\\\/home\\\/#breadcrumb\"},\"inLanguage\":\"fr-FR\",\"potentialAction\":[{\"@type\":\"ReadAction\",\"target\":[\"https:\\\/\\\/californiaraisins.ca\\\/fr\\\/home\\\/\"]}]},{\"@type\":\"BreadcrumbList\",\"@id\":\"https:\\\/\\\/californiaraisins.ca\\\/fr\\\/home\\\/#breadcrumb\",\"itemListElement\":[{\"@type\":\"ListItem\",\"position\":1,\"name\":\"Home\",\"item\":\"https:\\\/\\\/californiaraisins.ca\\\/fr\\\/\"},{\"@type\":\"ListItem\",\"position\":2,\"name\":\"Home\"}]},{\"@type\":\"WebSite\",\"@id\":\"https:\\\/\\\/californiaraisins.ca\\\/fr\\\/#website\",\"url\":\"https:\\\/\\\/californiaraisins.ca\\\/fr\\\/\",\"name\":\"California Raisins in Canada\",\"description\":\"California Raisins in Canada\",\"potentialAction\":[{\"@type\":\"SearchAction\",\"target\":{\"@type\":\"EntryPoint\",\"urlTemplate\":\"https:\\\/\\\/californiaraisins.ca\\\/fr\\\/?s={search_term_string}\"},\"query-input\":{\"@type\":\"PropertyValueSpecification\",\"valueRequired\":true,\"valueName\":\"search_term_string\"}}],\"inLanguage\":\"fr-FR\"}]}<\/script>\n<!-- \/ Yoast SEO plugin. -->","yoast_head_json":{"title":"Home - California Raisins in Canada","description":"Try naturally sweet California Raisins to bring a little sunshine to your baking and snacking!","robots":{"index":"index","follow":"follow","max-snippet":"max-snippet:-1","max-image-preview":"max-image-preview:large","max-video-preview":"max-video-preview:-1"},"canonical":"https:\/\/californiaraisins.ca\/fr\/home\/","og_locale":"fr_FR","og_type":"article","og_title":"The Great California Raisin Baking Contest","og_description":"Join the Great California Raisin Baking Contest and bring a little California sunshine into your kitchen.","og_url":"https:\/\/californiaraisins.ca\/fr\/home\/","og_site_name":"California Raisins in Canada","article_modified_time":"2020-07-15T18:43:19+00:00","og_image":[{"width":1200,"height":630,"url":"https:\/\/californiaraisins.ca\/wp-content\/uploads\/2019\/12\/california-raisins-facebook.jpg","type":"image\/jpeg"}],"twitter_card":"summary_large_image","twitter_title":"The Great California Raisin Baking Contest","twitter_description":"Join the Great California Raisin Baking Contest and bring a little California sunshine into your kitchen http:\/\/californiaraisins.ca\/","twitter_image":"http:\/\/californiaraisins.ca\/wp-content\/uploads\/2019\/12\/california-raisins-twitter.jpg","twitter_misc":{"Dur\u00e9e de lecture estim\u00e9e":"2 minutes"},"schema":{"@context":"https:\/\/schema.org","@graph":[{"@type":"WebPage","@id":"https:\/\/californiaraisins.ca\/fr\/home\/","url":"https:\/\/californiaraisins.ca\/fr\/home\/","name":"Home - California Raisins in Canada","isPartOf":{"@id":"https:\/\/californiaraisins.ca\/fr\/#website"},"datePublished":"2015-06-28T01:20:17+00:00","dateModified":"2020-07-15T18:43:19+00:00","description":"Try naturally sweet California Raisins to bring a little sunshine to your baking and snacking!","breadcrumb":{"@id":"https:\/\/californiaraisins.ca\/fr\/home\/#breadcrumb"},"inLanguage":"fr-FR","potentialAction":[{"@type":"ReadAction","target":["https:\/\/californiaraisins.ca\/fr\/home\/"]}]},{"@type":"BreadcrumbList","@id":"https:\/\/californiaraisins.ca\/fr\/home\/#breadcrumb","itemListElement":[{"@type":"ListItem","position":1,"name":"Home","item":"https:\/\/californiaraisins.ca\/fr\/"},{"@type":"ListItem","position":2,"name":"Home"}]},{"@type":"WebSite","@id":"https:\/\/californiaraisins.ca\/fr\/#website","url":"https:\/\/californiaraisins.ca\/fr\/","name":"California Raisins in Canada","description":"California Raisins in Canada","potentialAction":[{"@type":"SearchAction","target":{"@type":"EntryPoint","urlTemplate":"https:\/\/californiaraisins.ca\/fr\/?s={search_term_string}"},"query-input":{"@type":"PropertyValueSpecification","valueRequired":true,"valueName":"search_term_string"}}],"inLanguage":"fr-FR"}]}},"_links":{"self":[{"href":"https:\/\/californiaraisins.ca\/fr\/wp-json\/wp\/v2\/pages\/11377","targetHints":{"allow":["GET"]}}],"collection":[{"href":"https:\/\/californiaraisins.ca\/fr\/wp-json\/wp\/v2\/pages"}],"about":[{"href":"https:\/\/californiaraisins.ca\/fr\/wp-json\/wp\/v2\/types\/page"}],"author":[{"embeddable":true,"href":"https:\/\/californiaraisins.ca\/fr\/wp-json\/wp\/v2\/users\/10"}],"replies":[{"embeddable":true,"href":"https:\/\/californiaraisins.ca\/fr\/wp-json\/wp\/v2\/comments?post=11377"}],"version-history":[{"count":10,"href":"https:\/\/californiaraisins.ca\/fr\/wp-json\/wp\/v2\/pages\/11377\/revisions"}],"predecessor-version":[{"id":12094,"href":"https:\/\/californiaraisins.ca\/fr\/wp-json\/wp\/v2\/pages\/11377\/revisions\/12094"}],"wp:attachment":[{"href":"https:\/\/californiaraisins.ca\/fr\/wp-json\/wp\/v2\/media?parent=11377"}],"curies":[{"name":"wp","href":"https:\/\/api.w.org\/{rel}","templated":true}]}}