{"id":11831,"date":"2019-12-13T20:10:08","date_gmt":"2019-12-13T20:10:08","guid":{"rendered":"http:\/\/californiaraisins.ca\/politique-en-matiere-de-temoins\/"},"modified":"2019-12-13T22:08:34","modified_gmt":"2019-12-13T22:08:34","slug":"politique-en-matiere-de-temoins","status":"publish","type":"page","link":"https:\/\/californiaraisins.ca\/fr\/politique-en-matiere-de-temoins\/","title":{"rendered":"Politique en mati\u00e8re de t\u00e9moins"},"content":{"rendered":"<div class=\"wpb-content-wrapper\">[vc_row][vc_column][vc_column_text]Il peut nous arriver de temps \u00e0 autre d&rsquo;utiliser certains renseignements connus sous le nom de t\u00e9moins (cookies) dans votre ordinateur et servant \u00e0 vous faire sauver du temps \u00e0 titre de visiteur et utilisateur de notre site Web. Nous ne rassemblons pas de renseignements personnels de cette fa\u00e7on. Si vous ne d\u00e9sirez pas avoir recours \u00e0 cet avantage, votre fureteur vous permet probablement de rejeter les t\u00e9moins (cookies).[\/vc_column_text][\/vc_column][\/vc_row]\n<\/div>","protected":false},"excerpt":{"rendered":"<p>[vc_row][vc_column][vc_column_text]Il peut nous arriver de temps \u00e0 autre d&rsquo;utiliser certains renseignements connus sous le nom de t\u00e9moins (cookies) dans votre ordinateur et servant \u00e0 vous faire sauver du temps \u00e0 titre de visiteur et utilisateur de notre site Web. Nous ne rassemblons pas de renseignements personnels de cette fa\u00e7on. Si vous ne d\u00e9sirez pas avoir recours \u00e0 cet avantage, votre fureteur vous permet probablement de rejeter les t\u00e9moins (cookies).[\/vc_column_text][\/vc_column][\/vc_row]<\/p>\n","protected":false},"author":10,"featured_media":0,"parent":0,"menu_order":0,"comment_status":"closed","ping_status":"closed","template":"","meta":{"footnotes":""},"class_list":["post-11831","page","type-page","status-publish","hentry"],"yoast_head":"<!-- This site is optimized with the Yoast SEO plugin v27.3 - https:\/\/yoast.com\/product\/yoast-seo-wordpress\/ -->\n<title>Politique en mati\u00e8re de t\u00e9moins - California Raisins in Canada<\/title>\n<meta name=\"robots\" content=\"index, follow, max-snippet:-1, max-image-preview:large, max-video-preview:-1\" \/>\n<link rel=\"canonical\" href=\"https:\/\/californiaraisins.ca\/fr\/politique-en-matiere-de-temoins\/\" \/>\n<meta property=\"og:locale\" content=\"fr_FR\" \/>\n<meta property=\"og:type\" content=\"article\" \/>\n<meta property=\"og:title\" content=\"Politique en mati\u00e8re de t\u00e9moins - California Raisins in Canada\" \/>\n<meta property=\"og:description\" content=\"[vc_row][vc_column][vc_column_text]Il peut nous arriver de temps \u00e0 autre d&rsquo;utiliser certains renseignements connus sous le nom de t\u00e9moins (cookies) dans votre ordinateur et servant \u00e0 vous faire sauver du temps \u00e0 titre de visiteur et utilisateur de notre site Web. Nous ne rassemblons pas de renseignements personnels de cette fa\u00e7on. Si vous ne d\u00e9sirez pas avoir recours \u00e0 cet avantage, votre fureteur vous permet probablement de rejeter les t\u00e9moins (cookies).[\/vc_column_text][\/vc_column][\/vc_row]\" \/>\n<meta property=\"og:url\" content=\"https:\/\/californiaraisins.ca\/fr\/politique-en-matiere-de-temoins\/\" \/>\n<meta property=\"og:site_name\" content=\"California Raisins in Canada\" \/>\n<meta property=\"article:modified_time\" content=\"2019-12-13T22:08:34+00:00\" \/>\n<meta name=\"twitter:card\" content=\"summary_large_image\" \/>\n<script type=\"application\/ld+json\" class=\"yoast-schema-graph\">{\"@context\":\"https:\\\/\\\/schema.org\",\"@graph\":[{\"@type\":\"WebPage\",\"@id\":\"https:\\\/\\\/californiaraisins.ca\\\/fr\\\/politique-en-matiere-de-temoins\\\/\",\"url\":\"https:\\\/\\\/californiaraisins.ca\\\/fr\\\/politique-en-matiere-de-temoins\\\/\",\"name\":\"Politique en mati\u00e8re de t\u00e9moins - California Raisins in Canada\",\"isPartOf\":{\"@id\":\"https:\\\/\\\/californiaraisins.ca\\\/fr\\\/#website\"},\"datePublished\":\"2019-12-13T20:10:08+00:00\",\"dateModified\":\"2019-12-13T22:08:34+00:00\",\"breadcrumb\":{\"@id\":\"https:\\\/\\\/californiaraisins.ca\\\/fr\\\/politique-en-matiere-de-temoins\\\/#breadcrumb\"},\"inLanguage\":\"fr-FR\",\"potentialAction\":[{\"@type\":\"ReadAction\",\"target\":[\"https:\\\/\\\/californiaraisins.ca\\\/fr\\\/politique-en-matiere-de-temoins\\\/\"]}]},{\"@type\":\"BreadcrumbList\",\"@id\":\"https:\\\/\\\/californiaraisins.ca\\\/fr\\\/politique-en-matiere-de-temoins\\\/#breadcrumb\",\"itemListElement\":[{\"@type\":\"ListItem\",\"position\":1,\"name\":\"Home\",\"item\":\"https:\\\/\\\/californiaraisins.ca\\\/fr\\\/\"},{\"@type\":\"ListItem\",\"position\":2,\"name\":\"Politique en mati\u00e8re de t\u00e9moins\"}]},{\"@type\":\"WebSite\",\"@id\":\"https:\\\/\\\/californiaraisins.ca\\\/fr\\\/#website\",\"url\":\"https:\\\/\\\/californiaraisins.ca\\\/fr\\\/\",\"name\":\"California Raisins in Canada\",\"description\":\"California Raisins in Canada\",\"potentialAction\":[{\"@type\":\"SearchAction\",\"target\":{\"@type\":\"EntryPoint\",\"urlTemplate\":\"https:\\\/\\\/californiaraisins.ca\\\/fr\\\/?s={search_term_string}\"},\"query-input\":{\"@type\":\"PropertyValueSpecification\",\"valueRequired\":true,\"valueName\":\"search_term_string\"}}],\"inLanguage\":\"fr-FR\"}]}<\/script>\n<!-- \/ Yoast SEO plugin. -->","yoast_head_json":{"title":"Politique en mati\u00e8re de t\u00e9moins - California Raisins in Canada","robots":{"index":"index","follow":"follow","max-snippet":"max-snippet:-1","max-image-preview":"max-image-preview:large","max-video-preview":"max-video-preview:-1"},"canonical":"https:\/\/californiaraisins.ca\/fr\/politique-en-matiere-de-temoins\/","og_locale":"fr_FR","og_type":"article","og_title":"Politique en mati\u00e8re de t\u00e9moins - California Raisins in Canada","og_description":"[vc_row][vc_column][vc_column_text]Il peut nous arriver de temps \u00e0 autre d&rsquo;utiliser certains renseignements connus sous le nom de t\u00e9moins (cookies) dans votre ordinateur et servant \u00e0 vous faire sauver du temps \u00e0 titre de visiteur et utilisateur de notre site Web. Nous ne rassemblons pas de renseignements personnels de cette fa\u00e7on. Si vous ne d\u00e9sirez pas avoir recours \u00e0 cet avantage, votre fureteur vous permet probablement de rejeter les t\u00e9moins (cookies).[\/vc_column_text][\/vc_column][\/vc_row]","og_url":"https:\/\/californiaraisins.ca\/fr\/politique-en-matiere-de-temoins\/","og_site_name":"California Raisins in Canada","article_modified_time":"2019-12-13T22:08:34+00:00","twitter_card":"summary_large_image","schema":{"@context":"https:\/\/schema.org","@graph":[{"@type":"WebPage","@id":"https:\/\/californiaraisins.ca\/fr\/politique-en-matiere-de-temoins\/","url":"https:\/\/californiaraisins.ca\/fr\/politique-en-matiere-de-temoins\/","name":"Politique en mati\u00e8re de t\u00e9moins - California Raisins in Canada","isPartOf":{"@id":"https:\/\/californiaraisins.ca\/fr\/#website"},"datePublished":"2019-12-13T20:10:08+00:00","dateModified":"2019-12-13T22:08:34+00:00","breadcrumb":{"@id":"https:\/\/californiaraisins.ca\/fr\/politique-en-matiere-de-temoins\/#breadcrumb"},"inLanguage":"fr-FR","potentialAction":[{"@type":"ReadAction","target":["https:\/\/californiaraisins.ca\/fr\/politique-en-matiere-de-temoins\/"]}]},{"@type":"BreadcrumbList","@id":"https:\/\/californiaraisins.ca\/fr\/politique-en-matiere-de-temoins\/#breadcrumb","itemListElement":[{"@type":"ListItem","position":1,"name":"Home","item":"https:\/\/californiaraisins.ca\/fr\/"},{"@type":"ListItem","position":2,"name":"Politique en mati\u00e8re de t\u00e9moins"}]},{"@type":"WebSite","@id":"https:\/\/californiaraisins.ca\/fr\/#website","url":"https:\/\/californiaraisins.ca\/fr\/","name":"California Raisins in Canada","description":"California Raisins in Canada","potentialAction":[{"@type":"SearchAction","target":{"@type":"EntryPoint","urlTemplate":"https:\/\/californiaraisins.ca\/fr\/?s={search_term_string}"},"query-input":{"@type":"PropertyValueSpecification","valueRequired":true,"valueName":"search_term_string"}}],"inLanguage":"fr-FR"}]}},"_links":{"self":[{"href":"https:\/\/californiaraisins.ca\/fr\/wp-json\/wp\/v2\/pages\/11831","targetHints":{"allow":["GET"]}}],"collection":[{"href":"https:\/\/californiaraisins.ca\/fr\/wp-json\/wp\/v2\/pages"}],"about":[{"href":"https:\/\/californiaraisins.ca\/fr\/wp-json\/wp\/v2\/types\/page"}],"author":[{"embeddable":true,"href":"https:\/\/californiaraisins.ca\/fr\/wp-json\/wp\/v2\/users\/10"}],"replies":[{"embeddable":true,"href":"https:\/\/californiaraisins.ca\/fr\/wp-json\/wp\/v2\/comments?post=11831"}],"version-history":[{"count":8,"href":"https:\/\/californiaraisins.ca\/fr\/wp-json\/wp\/v2\/pages\/11831\/revisions"}],"predecessor-version":[{"id":11869,"href":"https:\/\/californiaraisins.ca\/fr\/wp-json\/wp\/v2\/pages\/11831\/revisions\/11869"}],"wp:attachment":[{"href":"https:\/\/californiaraisins.ca\/fr\/wp-json\/wp\/v2\/media?parent=11831"}],"curies":[{"name":"wp","href":"https:\/\/api.w.org\/{rel}","templated":true}]}}