{"id":11969,"date":"2020-02-19T22:01:07","date_gmt":"2020-02-19T22:01:07","guid":{"rendered":"https:\/\/californiaraisins.ca\/?page_id=11969"},"modified":"2020-11-04T21:28:52","modified_gmt":"2020-11-04T21:28:52","slug":"concours-old","status":"publish","type":"page","link":"https:\/\/californiaraisins.ca\/fr\/concours-old\/","title":{"rendered":"Le grand concours de p\u00e2tisserie California Raisins"},"content":{"rendered":"<div class=\"wpb-content-wrapper\">[vc_row full_width=\u00a0\u00bbstretch_row\u00a0\u00bb css=\u00a0\u00bb.vc_custom_1574802053277{padding-top: 0px !important;}\u00a0\u00bb][vc_column][vc_column_text]\n<h1 style=\"text-align: center;\"><b>Le grand concours de p\u00e2tisserie California Raisins<\/b><\/h1>\n[\/vc_column_text][\/vc_column][\/vc_row][vc_row full_width=\u00a0\u00bbstretch_row\u00a0\u00bb css=\u00a0\u00bb.vc_custom_1574285463582{padding-top: 0px !important;padding-bottom: 0px !important;background-color: #ffffff !important;}\u00a0\u00bb][vc_column css=\u00a0\u00bb.vc_custom_1574802383263{padding-top: 0px !important;}\u00a0\u00bb][vc_column_text]\n<h2 style=\"text-align: center;\">Merci \u00e0 tous ceux qui ont particip\u00e9 au le grand concours de p\u00e2tisserie California Raisins!<\/h2>\n<p>&nbsp;<\/p>\n<p style=\"text-align: center;\">Nos six finalistes se rendront \u00e0 Toronto pour la Bakery Showcase les 8 et 9 novembre 2020 au Toronto Congress Centre.<\/p>\n<p style=\"text-align: center;\">Revenez ici en novembre 2020 pour c\u00e9l\u00e9brer nos gagnants du grand prix qui recevront chacun un voyage en Californie et un voyage d&rsquo;\u00e9tude au Culinary Institute of America!<\/p>\n[\/vc_column_text][\/vc_column][\/vc_row]\n<\/div>","protected":false},"excerpt":{"rendered":"<p>[vc_row full_width=\u00a0\u00bbstretch_row\u00a0\u00bb css=\u00a0\u00bb.vc_custom_1574802053277{padding-top: 0px !important;}\u00a0\u00bb][vc_column][vc_column_text]<br \/>\nLe grand concours de p\u00e2tisserie California Raisins<br \/>\n[\/vc_column_text][\/vc_column][\/vc_row][vc_row full_width=\u00a0\u00bbstretch_row\u00a0\u00bb css=\u00a0\u00bb.vc_custom_1574285463582{padding-top: 0px !important;padding-bottom: 0px !important;background-color: #ffffff !important;}\u00a0\u00bb][vc_column css=\u00a0\u00bb.vc_custom_1574802383263{padding-top: 0px !important;}\u00a0\u00bb][vc_column_text]<br \/>\nMerci \u00e0 tous ceux qui ont particip\u00e9 au le grand concours de p\u00e2tisserie California Raisins!<br \/>\n&nbsp;<br \/>\nNos six finalistes se rendront \u00e0 Toronto pour la Bakery Showcase les 8 et 9 novembre 2020 au Toronto Congress Centre.<br \/>\nRevenez ici en novembre 2020 pour c\u00e9l\u00e9brer nos gagnants du grand prix qui recevront chacun un voyage en Californie &#8230;<\/p>\n","protected":false},"author":5,"featured_media":0,"parent":0,"menu_order":0,"comment_status":"closed","ping_status":"closed","template":"","meta":{"footnotes":""},"class_list":["post-11969","page","type-page","status-publish","hentry"],"yoast_head":"<!-- This site is optimized with the Yoast SEO plugin v27.3 - https:\/\/yoast.com\/product\/yoast-seo-wordpress\/ -->\n<title>Le grand concours de p\u00e2tisserie California Raisins - California Raisins in Canada<\/title>\n<meta name=\"description\" content=\"California Raisins invite des boulangers-p\u00e2tissiers professionnels canadiens \u00e0 d\u00e9velopper un nouveau pain aux raisins secs ou une patisserie aux raisins sec pour une chance de gagner!\" \/>\n<meta name=\"robots\" content=\"index, follow, max-snippet:-1, max-image-preview:large, max-video-preview:-1\" \/>\n<link rel=\"canonical\" href=\"https:\/\/californiaraisins.ca\/fr\/concours-old\/\" \/>\n<meta property=\"og:locale\" content=\"fr_FR\" \/>\n<meta property=\"og:type\" content=\"article\" \/>\n<meta property=\"og:title\" content=\"Le grand concours de p\u00e2tisserie California Raisins - California Raisins in Canada\" \/>\n<meta property=\"og:description\" content=\"California Raisins invite des boulangers-p\u00e2tissiers professionnels canadiens \u00e0 d\u00e9velopper un nouveau pain aux raisins secs ou une patisserie aux raisins sec pour une chance de gagner!\" \/>\n<meta property=\"og:url\" content=\"https:\/\/californiaraisins.ca\/fr\/concours-old\/\" \/>\n<meta property=\"og:site_name\" content=\"California Raisins in Canada\" \/>\n<meta property=\"article:modified_time\" content=\"2020-11-04T21:28:52+00:00\" \/>\n<meta name=\"twitter:card\" content=\"summary_large_image\" \/>\n<meta name=\"twitter:label1\" content=\"Dur\u00e9e de lecture estim\u00e9e\" \/>\n\t<meta name=\"twitter:data1\" content=\"1 minute\" \/>\n<script type=\"application\/ld+json\" class=\"yoast-schema-graph\">{\"@context\":\"https:\\\/\\\/schema.org\",\"@graph\":[{\"@type\":\"WebPage\",\"@id\":\"https:\\\/\\\/californiaraisins.ca\\\/fr\\\/concours-old\\\/\",\"url\":\"https:\\\/\\\/californiaraisins.ca\\\/fr\\\/concours-old\\\/\",\"name\":\"Le grand concours de p\u00e2tisserie California Raisins - California Raisins in Canada\",\"isPartOf\":{\"@id\":\"https:\\\/\\\/californiaraisins.ca\\\/fr\\\/#website\"},\"datePublished\":\"2020-02-19T22:01:07+00:00\",\"dateModified\":\"2020-11-04T21:28:52+00:00\",\"description\":\"California Raisins invite des boulangers-p\u00e2tissiers professionnels canadiens \u00e0 d\u00e9velopper un nouveau pain aux raisins secs ou une patisserie aux raisins sec pour une chance de gagner!\",\"breadcrumb\":{\"@id\":\"https:\\\/\\\/californiaraisins.ca\\\/fr\\\/concours-old\\\/#breadcrumb\"},\"inLanguage\":\"fr-FR\",\"potentialAction\":[{\"@type\":\"ReadAction\",\"target\":[\"https:\\\/\\\/californiaraisins.ca\\\/fr\\\/concours-old\\\/\"]}]},{\"@type\":\"BreadcrumbList\",\"@id\":\"https:\\\/\\\/californiaraisins.ca\\\/fr\\\/concours-old\\\/#breadcrumb\",\"itemListElement\":[{\"@type\":\"ListItem\",\"position\":1,\"name\":\"Home\",\"item\":\"https:\\\/\\\/californiaraisins.ca\\\/fr\\\/\"},{\"@type\":\"ListItem\",\"position\":2,\"name\":\"Le grand concours de p\u00e2tisserie California Raisins\"}]},{\"@type\":\"WebSite\",\"@id\":\"https:\\\/\\\/californiaraisins.ca\\\/fr\\\/#website\",\"url\":\"https:\\\/\\\/californiaraisins.ca\\\/fr\\\/\",\"name\":\"California Raisins in Canada\",\"description\":\"California Raisins in Canada\",\"potentialAction\":[{\"@type\":\"SearchAction\",\"target\":{\"@type\":\"EntryPoint\",\"urlTemplate\":\"https:\\\/\\\/californiaraisins.ca\\\/fr\\\/?s={search_term_string}\"},\"query-input\":{\"@type\":\"PropertyValueSpecification\",\"valueRequired\":true,\"valueName\":\"search_term_string\"}}],\"inLanguage\":\"fr-FR\"}]}<\/script>\n<!-- \/ Yoast SEO plugin. -->","yoast_head_json":{"title":"Le grand concours de p\u00e2tisserie California Raisins - California Raisins in Canada","description":"California Raisins invite des boulangers-p\u00e2tissiers professionnels canadiens \u00e0 d\u00e9velopper un nouveau pain aux raisins secs ou une patisserie aux raisins sec pour une chance de gagner!","robots":{"index":"index","follow":"follow","max-snippet":"max-snippet:-1","max-image-preview":"max-image-preview:large","max-video-preview":"max-video-preview:-1"},"canonical":"https:\/\/californiaraisins.ca\/fr\/concours-old\/","og_locale":"fr_FR","og_type":"article","og_title":"Le grand concours de p\u00e2tisserie California Raisins - California Raisins in Canada","og_description":"California Raisins invite des boulangers-p\u00e2tissiers professionnels canadiens \u00e0 d\u00e9velopper un nouveau pain aux raisins secs ou une patisserie aux raisins sec pour une chance de gagner!","og_url":"https:\/\/californiaraisins.ca\/fr\/concours-old\/","og_site_name":"California Raisins in Canada","article_modified_time":"2020-11-04T21:28:52+00:00","twitter_card":"summary_large_image","twitter_misc":{"Dur\u00e9e de lecture estim\u00e9e":"1 minute"},"schema":{"@context":"https:\/\/schema.org","@graph":[{"@type":"WebPage","@id":"https:\/\/californiaraisins.ca\/fr\/concours-old\/","url":"https:\/\/californiaraisins.ca\/fr\/concours-old\/","name":"Le grand concours de p\u00e2tisserie California Raisins - California Raisins in Canada","isPartOf":{"@id":"https:\/\/californiaraisins.ca\/fr\/#website"},"datePublished":"2020-02-19T22:01:07+00:00","dateModified":"2020-11-04T21:28:52+00:00","description":"California Raisins invite des boulangers-p\u00e2tissiers professionnels canadiens \u00e0 d\u00e9velopper un nouveau pain aux raisins secs ou une patisserie aux raisins sec pour une chance de gagner!","breadcrumb":{"@id":"https:\/\/californiaraisins.ca\/fr\/concours-old\/#breadcrumb"},"inLanguage":"fr-FR","potentialAction":[{"@type":"ReadAction","target":["https:\/\/californiaraisins.ca\/fr\/concours-old\/"]}]},{"@type":"BreadcrumbList","@id":"https:\/\/californiaraisins.ca\/fr\/concours-old\/#breadcrumb","itemListElement":[{"@type":"ListItem","position":1,"name":"Home","item":"https:\/\/californiaraisins.ca\/fr\/"},{"@type":"ListItem","position":2,"name":"Le grand concours de p\u00e2tisserie California Raisins"}]},{"@type":"WebSite","@id":"https:\/\/californiaraisins.ca\/fr\/#website","url":"https:\/\/californiaraisins.ca\/fr\/","name":"California Raisins in Canada","description":"California Raisins in Canada","potentialAction":[{"@type":"SearchAction","target":{"@type":"EntryPoint","urlTemplate":"https:\/\/californiaraisins.ca\/fr\/?s={search_term_string}"},"query-input":{"@type":"PropertyValueSpecification","valueRequired":true,"valueName":"search_term_string"}}],"inLanguage":"fr-FR"}]}},"_links":{"self":[{"href":"https:\/\/californiaraisins.ca\/fr\/wp-json\/wp\/v2\/pages\/11969","targetHints":{"allow":["GET"]}}],"collection":[{"href":"https:\/\/californiaraisins.ca\/fr\/wp-json\/wp\/v2\/pages"}],"about":[{"href":"https:\/\/californiaraisins.ca\/fr\/wp-json\/wp\/v2\/types\/page"}],"author":[{"embeddable":true,"href":"https:\/\/californiaraisins.ca\/fr\/wp-json\/wp\/v2\/users\/5"}],"replies":[{"embeddable":true,"href":"https:\/\/californiaraisins.ca\/fr\/wp-json\/wp\/v2\/comments?post=11969"}],"version-history":[{"count":4,"href":"https:\/\/californiaraisins.ca\/fr\/wp-json\/wp\/v2\/pages\/11969\/revisions"}],"predecessor-version":[{"id":12011,"href":"https:\/\/californiaraisins.ca\/fr\/wp-json\/wp\/v2\/pages\/11969\/revisions\/12011"}],"wp:attachment":[{"href":"https:\/\/californiaraisins.ca\/fr\/wp-json\/wp\/v2\/media?parent=11969"}],"curies":[{"name":"wp","href":"https:\/\/api.w.org\/{rel}","templated":true}]}}