{"id":12096,"date":"2020-07-15T18:46:56","date_gmt":"2020-07-15T18:46:56","guid":{"rendered":"https:\/\/californiaraisins.ca\/?page_id=12096"},"modified":"2021-09-28T22:33:19","modified_gmt":"2021-09-28T22:33:19","slug":"home-2","status":"publish","type":"page","link":"https:\/\/californiaraisins.ca\/fr\/","title":{"rendered":"Accueil"},"content":{"rendered":"<div class=\"wpb-content-wrapper\">[vc_row full_width=\u00a0\u00bbstretch_row\u00a0\u00bb css=\u00a0\u00bb.vc_custom_1574026316422{padding-top: 0px !important;padding-bottom: 0px !important;background-color: #ffffff !important;}\u00a0\u00bb][vc_column][vc_column_text]\n<h1 style=\"text-align: center;\">Les raisins secs de Californie<\/h1>\n<h2 style=\"text-align: center;\">Des grains de nature en collation.<\/h2>\n<p style=\"text-align: center;\">Les raisins secs de Californie. Sans sucre ajout\u00e9, mais naturellement sucr\u00e9s. Un seul ingr\u00e9dient dans la liste : <span style=\"color: #9f0140; font-weight: bold; font-size: 2.15rem;\"> Raisins secs.<\/span>.<\/p>\n[\/vc_column_text][vc_separator color=\u00a0\u00bbcustom\u00a0\u00bb border_width=\u00a0\u00bb5&Prime; accent_color=\u00a0\u00bb#8fb100&Prime;][\/vc_column][\/vc_row][vc_row content_placement=\u00a0\u00bbmiddle\u00a0\u00bb][vc_column width=\u00a0\u00bb2\/5&Prime;]<div class=\"true-image-box-1 tt_animate_none home-image-box ZIutxfow\"><div class=\"true-img-wrap\"><img loading=\"lazy\" decoding=\"async\" width=\"620\" height=\"622\" src=\"https:\/\/californiaraisins.ca\/wp-content\/uploads\/2021\/09\/Cucina-di-Christina.png\" class=\"attachment-large size-large\" alt=\"\" srcset=\"https:\/\/californiaraisins.ca\/wp-content\/uploads\/2021\/09\/Cucina-di-Christina.png 620w, https:\/\/californiaraisins.ca\/wp-content\/uploads\/2021\/09\/Cucina-di-Christina-300x300.png 300w, https:\/\/californiaraisins.ca\/wp-content\/uploads\/2021\/09\/Cucina-di-Christina-150x150.png 150w, https:\/\/californiaraisins.ca\/wp-content\/uploads\/2021\/09\/Cucina-di-Christina-71x71.png 71w, https:\/\/californiaraisins.ca\/wp-content\/uploads\/2021\/09\/Cucina-di-Christina-36x36.png 36w\" sizes=\"auto, (max-width: 620px) 100vw, 620px\" \/><\/div><div class=\"true-text-wrap\"><div class=\"callout-heading-wrap true-montserrat\"><h4><\/h4><h3><\/h3><\/div><div class=\"callout-details-wrap\"><\/div><\/div><a class=\"overlay-link\" href=\"https:\/\/www.cucinadichristina.com\/post\/california-raisin-oatmeal-mini-muffins-a-healthy-lunchbox-snack-for-back-to-school\" target=\"_blank\" title=\"https:\/\/www.cucinadichristina.com\/post\/california-raisin-oatmeal-mini-muffins-a-healthy-lunchbox-snack-for-back-to-school\"><\/a><\/div>[\/vc_column][vc_column width=\u00a0\u00bb3\/5&Prime;][vc_column_text]\n<h2><a href=\"https:\/\/www.cucinadichristina.com\/post\/california-raisin-oatmeal-mini-muffins-a-healthy-lunchbox-snack-for-back-to-school\" target=\"_blank\" rel=\"noopener\">Article vedette: Cucina di Christina<\/a><\/h2>\n<div class=\"oSioSc\">\n<div id=\"tw-target\">\n<div id=\"kAz1tf\" class=\"g9WsWb\">\n<div id=\"tw-target-text-container\" class=\"tw-ta-container F0azHf tw-nfl\" tabindex=\"0\">\n<p id=\"tw-target-text\" class=\"tw-data-text tw-text-large XcVN5d tw-ta\" dir=\"ltr\" data-placeholder=\"Translation\"><span class=\"Y2IQFc\" lang=\"fr\">Mini muffins \u00e0 l&rsquo;avoine et aux raisins de Californie : une collation sant\u00e9 pour la rentr\u00e9e<\/span><\/p>\n<\/div>\n<\/div>\n<\/div>\n<\/div>\n[\/vc_column_text][\/vc_column][\/vc_row][vc_row][vc_column][vc_separator color=\u00a0\u00bbcustom\u00a0\u00bb border_width=\u00a0\u00bb5&Prime; accent_color=\u00a0\u00bb#8fb100&Prime;][\/vc_column][\/vc_row][vc_row full_width=\u00a0\u00bbstretch_row\u00a0\u00bb equal_height=\u00a0\u00bbyes\u00a0\u00bb css=\u00a0\u00bb.vc_custom_1574553349924{padding-top: 30px !important;padding-bottom: 5px !important;}\u00a0\u00bb el_class=\u00a0\u00bbrecipe-cards-grid\u00a0\u00bb][vc_column width=\u00a0\u00bb1\/4&Prime;]<div class=\"true-image-box-1 tt_animate_none home-image-box WsXWsadH\"><div class=\"true-img-wrap\"><img loading=\"lazy\" decoding=\"async\" width=\"684\" height=\"684\" src=\"https:\/\/californiaraisins.ca\/wp-content\/uploads\/2020\/07\/home-about.jpg\" class=\"attachment-large size-large\" alt=\"\" srcset=\"https:\/\/californiaraisins.ca\/wp-content\/uploads\/2020\/07\/home-about.jpg 684w, https:\/\/californiaraisins.ca\/wp-content\/uploads\/2020\/07\/home-about-300x300.jpg 300w, https:\/\/californiaraisins.ca\/wp-content\/uploads\/2020\/07\/home-about-150x150.jpg 150w, https:\/\/californiaraisins.ca\/wp-content\/uploads\/2020\/07\/home-about-71x71.jpg 71w, https:\/\/californiaraisins.ca\/wp-content\/uploads\/2020\/07\/home-about-36x36.jpg 36w\" sizes=\"auto, (max-width: 684px) 100vw, 684px\" \/><\/div><div class=\"true-text-wrap\"><div class=\"callout-heading-wrap true-montserrat\"><h4><\/h4><h3><\/h3><\/div><div class=\"callout-details-wrap\">\n<p style=\"text-align: center;\"><strong><a href=\"https:\/\/californiaraisins.ca\/fr\/a-propos\/\">\u00c0 propos des raisins secs de Californie<\/a><\/strong><\/p>\n<\/div><\/div><a class=\"overlay-link\" href=\"https:\/\/californiaraisins.ca\/about-california-raisins\/\" target=\"\" title=\"About California Raisins\"><\/a><\/div>[\/vc_column][vc_column width=\u00a0\u00bb1\/4&Prime;]<div class=\"true-image-box-1 tt_animate_none home-image-box zUBBjGgX\"><div class=\"true-img-wrap\"><img loading=\"lazy\" decoding=\"async\" width=\"684\" height=\"684\" src=\"https:\/\/californiaraisins.ca\/wp-content\/uploads\/2020\/07\/home-raisinsnyou.jpg\" class=\"attachment-large size-large\" alt=\"\" srcset=\"https:\/\/californiaraisins.ca\/wp-content\/uploads\/2020\/07\/home-raisinsnyou.jpg 684w, https:\/\/californiaraisins.ca\/wp-content\/uploads\/2020\/07\/home-raisinsnyou-300x300.jpg 300w, https:\/\/californiaraisins.ca\/wp-content\/uploads\/2020\/07\/home-raisinsnyou-150x150.jpg 150w, https:\/\/californiaraisins.ca\/wp-content\/uploads\/2020\/07\/home-raisinsnyou-71x71.jpg 71w, https:\/\/californiaraisins.ca\/wp-content\/uploads\/2020\/07\/home-raisinsnyou-36x36.jpg 36w\" sizes=\"auto, (max-width: 684px) 100vw, 684px\" \/><\/div><div class=\"true-text-wrap\"><div class=\"callout-heading-wrap true-montserrat\"><h4><\/h4><h3><\/h3><\/div><div class=\"callout-details-wrap\">\n<p style=\"text-align: center;\"><strong><a href=\"https:\/\/californiaraisins.ca\/fr\/les-raisins-secs-et-vous\/\">Les raisins secs et vous<\/a><\/strong><\/p>\n<\/div><\/div><a class=\"overlay-link\" href=\"https:\/\/californiaraisins.ca\/raisins-and-you\/\" target=\"\" title=\"Raisins and You\"><\/a><\/div>[\/vc_column][vc_column width=\u00a0\u00bb1\/4&Prime;]<div class=\"true-image-box-1 tt_animate_none home-image-box ZlksHnKd\"><div class=\"true-img-wrap\"><img loading=\"lazy\" decoding=\"async\" width=\"684\" height=\"684\" src=\"https:\/\/californiaraisins.ca\/wp-content\/uploads\/2020\/07\/home-recipes.jpg\" class=\"attachment-large size-large\" alt=\"\" srcset=\"https:\/\/californiaraisins.ca\/wp-content\/uploads\/2020\/07\/home-recipes.jpg 684w, https:\/\/californiaraisins.ca\/wp-content\/uploads\/2020\/07\/home-recipes-300x300.jpg 300w, https:\/\/californiaraisins.ca\/wp-content\/uploads\/2020\/07\/home-recipes-150x150.jpg 150w, https:\/\/californiaraisins.ca\/wp-content\/uploads\/2020\/07\/home-recipes-71x71.jpg 71w, https:\/\/californiaraisins.ca\/wp-content\/uploads\/2020\/07\/home-recipes-36x36.jpg 36w\" sizes=\"auto, (max-width: 684px) 100vw, 684px\" \/><\/div><div class=\"true-text-wrap\"><div class=\"callout-heading-wrap true-montserrat\"><h4><\/h4><h3><\/h3><\/div><div class=\"callout-details-wrap\">\n<p style=\"text-align: center;\"><strong><a href=\"https:\/\/californiaraisins.ca\/fr\/recettes\/\">Recettes de raisins secs<\/a><\/strong><\/p>\n<\/div><\/div><a class=\"overlay-link\" href=\"https:\/\/californiaraisins.ca\/recipes\/\" target=\"\" title=\"Featured recipes\"><\/a><\/div>[\/vc_column][vc_column width=\u00a0\u00bb1\/4&Prime;]<div class=\"true-image-box-1 tt_animate_none home-image-box udXlOQng\"><div class=\"true-img-wrap\"><img loading=\"lazy\" decoding=\"async\" width=\"684\" height=\"684\" src=\"https:\/\/californiaraisins.ca\/wp-content\/uploads\/2020\/09\/home-industry.jpg\" class=\"attachment-large size-large\" alt=\"\" srcset=\"https:\/\/californiaraisins.ca\/wp-content\/uploads\/2020\/09\/home-industry.jpg 684w, https:\/\/californiaraisins.ca\/wp-content\/uploads\/2020\/09\/home-industry-300x300.jpg 300w, https:\/\/californiaraisins.ca\/wp-content\/uploads\/2020\/09\/home-industry-150x150.jpg 150w, https:\/\/californiaraisins.ca\/wp-content\/uploads\/2020\/09\/home-industry-71x71.jpg 71w, https:\/\/californiaraisins.ca\/wp-content\/uploads\/2020\/09\/home-industry-36x36.jpg 36w\" sizes=\"auto, (max-width: 684px) 100vw, 684px\" \/><\/div><div class=\"true-text-wrap\"><div class=\"callout-heading-wrap true-montserrat\"><h4><\/h4><h3><\/h3><\/div><div class=\"callout-details-wrap\">\n<p style=\"text-align: center;\"><strong><a href=\"https:\/\/californiaraisins.ca\/fr\/industrie\/\">Notre industrie<\/a><\/strong><\/p>\n<\/div><\/div><a class=\"overlay-link\" href=\"https:\/\/californiaraisins.ca\/our-industry\/\" target=\"\" title=\"Our Industry\"><\/a><\/div>[\/vc_column][\/vc_row]\n<\/div>","protected":false},"excerpt":{"rendered":"<p>[vc_row full_width=\u00a0\u00bbstretch_row\u00a0\u00bb css=\u00a0\u00bb.vc_custom_1574026316422{padding-top: 0px !important;padding-bottom: 0px !important;background-color: #ffffff !important;}\u00a0\u00bb][vc_column][vc_column_text]<br \/>\nLes raisins secs de Californie<br \/>\nDes grains de nature en collation.<br \/>\nLes raisins secs de Californie. Sans sucre ajout\u00e9, mais naturellement sucr\u00e9s. Un seul ingr\u00e9dient dans la liste :  Raisins secs..<br \/>\n[\/vc_column_text][vc_separator color=\u00a0\u00bbcustom\u00a0\u00bb border_width=\u00a0\u00bb5&Prime; accent_color=\u00a0\u00bb#8fb100&Prime;][\/vc_column][\/vc_row][vc_row content_placement=\u00a0\u00bbmiddle\u00a0\u00bb][vc_column width=\u00a0\u00bb2\/5&Prime;][\/vc_column][vc_column width=\u00a0\u00bb3\/5&Prime;][vc_column_text]<br \/>\nArticle vedette: Cucina di Christina<\/p>\n<p>\nMini muffins \u00e0 l&rsquo;avoine et aux raisins de Californie : une collation sant\u00e9 pour la rentr\u00e9e<\/p>\n<p>\n[\/vc_column_text][\/vc_column][\/vc_row][vc_row][vc_column][vc_separator color=\u00a0\u00bbcustom\u00a0\u00bb border_width=\u00a0\u00bb5&Prime; &#8230;<\/p>\n","protected":false},"author":10,"featured_media":0,"parent":0,"menu_order":0,"comment_status":"closed","ping_status":"closed","template":"","meta":{"footnotes":""},"class_list":["post-12096","page","type-page","status-publish","hentry"],"yoast_head":"<!-- This site is optimized with the Yoast SEO plugin v27.4 - https:\/\/yoast.com\/product\/yoast-seo-wordpress\/ -->\n<title>Accueil - California Raisins in Canada<\/title>\n<meta name=\"description\" content=\"Try naturally sweet California Raisins to bring a little sunshine to your baking and snacking!\" \/>\n<meta name=\"robots\" content=\"index, follow, max-snippet:-1, max-image-preview:large, max-video-preview:-1\" \/>\n<link rel=\"canonical\" href=\"https:\/\/californiaraisins.ca\/fr\/\" \/>\n<meta property=\"og:locale\" content=\"fr_FR\" \/>\n<meta property=\"og:type\" content=\"article\" \/>\n<meta property=\"og:title\" content=\"California Raisins\" \/>\n<meta property=\"og:description\" content=\"Try naturally sweet California Raisins to bring a little sunshine to your baking and snacking!\" \/>\n<meta property=\"og:url\" content=\"https:\/\/californiaraisins.ca\/fr\/\" \/>\n<meta property=\"og:site_name\" content=\"California Raisins in Canada\" \/>\n<meta property=\"article:modified_time\" content=\"2021-09-28T22:33:19+00:00\" \/>\n<meta property=\"og:image\" content=\"https:\/\/californiaraisins.ca\/wp-content\/uploads\/2019\/12\/california-raisins-facebook.jpg\" \/>\n\t<meta property=\"og:image:width\" content=\"1200\" \/>\n\t<meta property=\"og:image:height\" content=\"630\" \/>\n\t<meta property=\"og:image:type\" content=\"image\/jpeg\" \/>\n<meta name=\"twitter:card\" content=\"summary_large_image\" \/>\n<meta name=\"twitter:title\" content=\"California Raisins\" \/>\n<meta name=\"twitter:description\" content=\"Try naturally sweet California Raisins to bring a little sunshine to your baking and snacking! http:\/\/californiaraisins.ca\/\" \/>\n<meta name=\"twitter:image\" content=\"http:\/\/californiaraisins.ca\/wp-content\/uploads\/2019\/12\/california-raisins-twitter.jpg\" \/>\n<meta name=\"twitter:label1\" content=\"Dur\u00e9e de lecture estim\u00e9e\" \/>\n\t<meta name=\"twitter:data1\" content=\"2 minutes\" \/>\n<script type=\"application\/ld+json\" class=\"yoast-schema-graph\">{\"@context\":\"https:\\\/\\\/schema.org\",\"@graph\":[{\"@type\":\"WebPage\",\"@id\":\"https:\\\/\\\/californiaraisins.ca\\\/fr\\\/\",\"url\":\"https:\\\/\\\/californiaraisins.ca\\\/fr\\\/\",\"name\":\"Accueil - California Raisins in Canada\",\"isPartOf\":{\"@id\":\"https:\\\/\\\/californiaraisins.ca\\\/fr\\\/#website\"},\"datePublished\":\"2020-07-15T18:46:56+00:00\",\"dateModified\":\"2021-09-28T22:33:19+00:00\",\"description\":\"Try naturally sweet California Raisins to bring a little sunshine to your baking and snacking!\",\"breadcrumb\":{\"@id\":\"https:\\\/\\\/californiaraisins.ca\\\/fr\\\/#breadcrumb\"},\"inLanguage\":\"fr-FR\",\"potentialAction\":[{\"@type\":\"ReadAction\",\"target\":[\"https:\\\/\\\/californiaraisins.ca\\\/fr\\\/\"]}]},{\"@type\":\"BreadcrumbList\",\"@id\":\"https:\\\/\\\/californiaraisins.ca\\\/fr\\\/#breadcrumb\",\"itemListElement\":[{\"@type\":\"ListItem\",\"position\":1,\"name\":\"Home\",\"item\":\"https:\\\/\\\/californiaraisins.ca\\\/fr\\\/\"},{\"@type\":\"ListItem\",\"position\":2,\"name\":\"Accueil\"}]},{\"@type\":\"WebSite\",\"@id\":\"https:\\\/\\\/californiaraisins.ca\\\/fr\\\/#website\",\"url\":\"https:\\\/\\\/californiaraisins.ca\\\/fr\\\/\",\"name\":\"California Raisins in Canada\",\"description\":\"California Raisins in Canada\",\"potentialAction\":[{\"@type\":\"SearchAction\",\"target\":{\"@type\":\"EntryPoint\",\"urlTemplate\":\"https:\\\/\\\/californiaraisins.ca\\\/fr\\\/?s={search_term_string}\"},\"query-input\":{\"@type\":\"PropertyValueSpecification\",\"valueRequired\":true,\"valueName\":\"search_term_string\"}}],\"inLanguage\":\"fr-FR\"}]}<\/script>\n<!-- \/ Yoast SEO plugin. -->","yoast_head_json":{"title":"Accueil - California Raisins in Canada","description":"Try naturally sweet California Raisins to bring a little sunshine to your baking and snacking!","robots":{"index":"index","follow":"follow","max-snippet":"max-snippet:-1","max-image-preview":"max-image-preview:large","max-video-preview":"max-video-preview:-1"},"canonical":"https:\/\/californiaraisins.ca\/fr\/","og_locale":"fr_FR","og_type":"article","og_title":"California Raisins","og_description":"Try naturally sweet California Raisins to bring a little sunshine to your baking and snacking!","og_url":"https:\/\/californiaraisins.ca\/fr\/","og_site_name":"California Raisins in Canada","article_modified_time":"2021-09-28T22:33:19+00:00","og_image":[{"width":1200,"height":630,"url":"https:\/\/californiaraisins.ca\/wp-content\/uploads\/2019\/12\/california-raisins-facebook.jpg","type":"image\/jpeg"}],"twitter_card":"summary_large_image","twitter_title":"California Raisins","twitter_description":"Try naturally sweet California Raisins to bring a little sunshine to your baking and snacking! http:\/\/californiaraisins.ca\/","twitter_image":"http:\/\/californiaraisins.ca\/wp-content\/uploads\/2019\/12\/california-raisins-twitter.jpg","twitter_misc":{"Dur\u00e9e de lecture estim\u00e9e":"2 minutes"},"schema":{"@context":"https:\/\/schema.org","@graph":[{"@type":"WebPage","@id":"https:\/\/californiaraisins.ca\/fr\/","url":"https:\/\/californiaraisins.ca\/fr\/","name":"Accueil - California Raisins in Canada","isPartOf":{"@id":"https:\/\/californiaraisins.ca\/fr\/#website"},"datePublished":"2020-07-15T18:46:56+00:00","dateModified":"2021-09-28T22:33:19+00:00","description":"Try naturally sweet California Raisins to bring a little sunshine to your baking and snacking!","breadcrumb":{"@id":"https:\/\/californiaraisins.ca\/fr\/#breadcrumb"},"inLanguage":"fr-FR","potentialAction":[{"@type":"ReadAction","target":["https:\/\/californiaraisins.ca\/fr\/"]}]},{"@type":"BreadcrumbList","@id":"https:\/\/californiaraisins.ca\/fr\/#breadcrumb","itemListElement":[{"@type":"ListItem","position":1,"name":"Home","item":"https:\/\/californiaraisins.ca\/fr\/"},{"@type":"ListItem","position":2,"name":"Accueil"}]},{"@type":"WebSite","@id":"https:\/\/californiaraisins.ca\/fr\/#website","url":"https:\/\/californiaraisins.ca\/fr\/","name":"California Raisins in Canada","description":"California Raisins in Canada","potentialAction":[{"@type":"SearchAction","target":{"@type":"EntryPoint","urlTemplate":"https:\/\/californiaraisins.ca\/fr\/?s={search_term_string}"},"query-input":{"@type":"PropertyValueSpecification","valueRequired":true,"valueName":"search_term_string"}}],"inLanguage":"fr-FR"}]}},"_links":{"self":[{"href":"https:\/\/californiaraisins.ca\/fr\/wp-json\/wp\/v2\/pages\/12096","targetHints":{"allow":["GET"]}}],"collection":[{"href":"https:\/\/californiaraisins.ca\/fr\/wp-json\/wp\/v2\/pages"}],"about":[{"href":"https:\/\/californiaraisins.ca\/fr\/wp-json\/wp\/v2\/types\/page"}],"author":[{"embeddable":true,"href":"https:\/\/californiaraisins.ca\/fr\/wp-json\/wp\/v2\/users\/10"}],"replies":[{"embeddable":true,"href":"https:\/\/californiaraisins.ca\/fr\/wp-json\/wp\/v2\/comments?post=12096"}],"version-history":[{"count":10,"href":"https:\/\/californiaraisins.ca\/fr\/wp-json\/wp\/v2\/pages\/12096\/revisions"}],"predecessor-version":[{"id":13194,"href":"https:\/\/californiaraisins.ca\/fr\/wp-json\/wp\/v2\/pages\/12096\/revisions\/13194"}],"wp:attachment":[{"href":"https:\/\/californiaraisins.ca\/fr\/wp-json\/wp\/v2\/media?parent=12096"}],"curies":[{"name":"wp","href":"https:\/\/api.w.org\/{rel}","templated":true}]}}