{"id":12183,"date":"2020-07-17T14:00:31","date_gmt":"2020-07-17T14:00:31","guid":{"rendered":"https:\/\/californiaraisins.ca\/les-raisins-secs-et-vous\/"},"modified":"2020-09-30T14:22:41","modified_gmt":"2020-09-30T14:22:41","slug":"les-raisins-secs-et-vous","status":"publish","type":"page","link":"https:\/\/californiaraisins.ca\/fr\/les-raisins-secs-et-vous\/","title":{"rendered":"Les raisins secs et vous"},"content":{"rendered":"<div class=\"wpb-content-wrapper\">[vc_section css=\u00a0\u00bb.vc_custom_1594934834511{margin-bottom: 2rem !important;}\u00a0\u00bb][vc_row][vc_column][vc_column_text]\n<h3>Les raisins secs et la nutrition<\/h3>\n[\/vc_column_text][vc_column_text]<strong class=\"raisin-red\">Les raisins secs de Californie contribuent \u00e0 une alimentation saine.<\/strong><\/p>\n<p>S\u00e9ch\u00e9s sous le vif soleil de Californie, leur go\u00fbt sucr\u00e9 leur vient de la nature. Ce petit fruit pr\u00e9sente bien des avantages pour qui veut maintenir un mode de vie sain.[\/vc_column_text][\/vc_column][\/vc_row][vc_row][vc_column width=\u00a0\u00bb2\/5&Prime;][vc_column_text]\n<h4>Les raisins secs :<\/h4>\n<ul>\n<li>sont enti\u00e8rement naturels<\/li>\n<li>ne contiennent ni gras ni cholest\u00e9rol<\/li>\n<li>ont une faible teneur en sodium<\/li>\n<li>sont une source de potassium<\/li>\n<li>sont une source de fibre<\/li>\n<li>sont une source de fer<\/li>\n<\/ul>\n[\/vc_column_text][\/vc_column][vc_column width=\u00a0\u00bb3\/5&Prime;][vc_single_image image=\u00a0\u00bb12163&Prime; img_size=\u00a0\u00bblarge\u00a0\u00bb alignment=\u00a0\u00bbcenter\u00a0\u00bb][\/vc_column][\/vc_row][\/vc_section][vc_section][vc_row][vc_column width=\u00a0\u00bb3\/5&Prime; el_class=\u00a0\u00bbfaq\u00a0\u00bb][vc_column_text]\n<h3>Questions fr\u00e9quemment pos\u00e9es<\/h3>\n[\/vc_column_text][vc_column_text]\n<p class=\"d-flex q\"><em><strong class=\"raisin-red pr-4\">Q:<\/strong><\/em><strong> Quelle est la taille d\u2019une portion de raisins secs de Californie\u2009?<\/strong><\/p>\n<p class=\"d-flex mb-5\"><em><strong class=\"brand-green pr-4\">A:<\/strong><\/em> La portion de raisins secs de Californie est de quarante grammes, soit environ 1\/4 tasse (60 ml).<\/p>\n<p class=\"d-flex q\"><em><strong class=\"raisin-red pr-4\">Q:<\/strong><\/em> <strong>Combien de calories contient une portion de raisins secs de Californie\u2009?<\/strong><\/p>\n<p class=\"d-flex mb-5\"><em><strong class=\"brand-green pr-4\">A:<\/strong><\/em> Une portion de raisins secs de Californie (40 g) contient 120 calories.<\/p>\n<p class=\"d-flex q\"><em><strong class=\"raisin-red pr-4\">Q:<\/strong><\/em> <strong>Sous quelle forme devrais-je d\u00e9couvrir les raisins secs de Californie\u2009?<\/strong><\/p>\n<p class=\"d-flex\"><em><strong class=\"brand-green pr-4\">A:<\/strong><\/em> Essayez une de nos d\u00e9licieuses recettes ou prenez une portion de raisins secs pour votre collation\u2009!<\/p>\n[\/vc_column_text][\/vc_column][vc_column width=\u00a0\u00bb2\/5&Prime;][vc_single_image image=\u00a0\u00bb12171&Prime; img_size=\u00a0\u00bblarge\u00a0\u00bb alignment=\u00a0\u00bbcenter\u00a0\u00bb][vc_single_image image=\u00a0\u00bb12173&Prime; img_size=\u00a0\u00bblarge\u00a0\u00bb alignment=\u00a0\u00bbcenter\u00a0\u00bb][\/vc_column][\/vc_row][\/vc_section]\n<\/div>","protected":false},"excerpt":{"rendered":"<p>[vc_section css=\u00a0\u00bb.vc_custom_1594934834511{margin-bottom: 2rem !important;}\u00a0\u00bb][vc_row][vc_column][vc_column_text]<br \/>\nLes raisins secs et la nutrition<br \/>\n[\/vc_column_text][vc_column_text]Les raisins secs de Californie contribuent \u00e0 une alimentation saine.<br \/>\nS\u00e9ch\u00e9s sous le vif soleil de Californie, leur go\u00fbt sucr\u00e9 leur vient de la nature. Ce petit fruit pr\u00e9sente bien des avantages pour qui veut maintenir un mode de vie sain.[\/vc_column_text][\/vc_column][\/vc_row][vc_row][vc_column width=\u00a0\u00bb2\/5&Prime;][vc_column_text]<br \/>\nLes raisins secs :<\/p>\n<p>sont enti\u00e8rement naturels<br \/>\nne contiennent ni gras ni cholest\u00e9rol<br \/>\nont une faible teneur en sodium<br \/>\nsont une source de potassium<br \/>\nsont une source &#8230;<\/p>\n","protected":false},"author":10,"featured_media":0,"parent":0,"menu_order":0,"comment_status":"closed","ping_status":"closed","template":"","meta":{"footnotes":""},"class_list":["post-12183","page","type-page","status-publish","hentry"],"yoast_head":"<!-- This site is optimized with the Yoast SEO plugin v27.4 - https:\/\/yoast.com\/product\/yoast-seo-wordpress\/ -->\n<title>Les raisins secs et vous - California Raisins in Canada<\/title>\n<meta name=\"description\" content=\"Les raisins secs de Californie contribuent \u00e0 une alimentation saine.\" \/>\n<meta name=\"robots\" content=\"index, follow, max-snippet:-1, max-image-preview:large, max-video-preview:-1\" \/>\n<link rel=\"canonical\" href=\"https:\/\/californiaraisins.ca\/fr\/les-raisins-secs-et-vous\/\" \/>\n<meta property=\"og:locale\" content=\"fr_FR\" \/>\n<meta property=\"og:type\" content=\"article\" \/>\n<meta property=\"og:title\" content=\"Les raisins secs et vous - California Raisins in Canada\" \/>\n<meta property=\"og:description\" content=\"Les raisins secs de Californie contribuent \u00e0 une alimentation saine.\" \/>\n<meta property=\"og:url\" content=\"https:\/\/californiaraisins.ca\/fr\/les-raisins-secs-et-vous\/\" \/>\n<meta property=\"og:site_name\" content=\"California Raisins in Canada\" \/>\n<meta property=\"article:modified_time\" content=\"2020-09-30T14:22:41+00:00\" \/>\n<meta name=\"twitter:card\" content=\"summary_large_image\" \/>\n<meta name=\"twitter:label1\" content=\"Dur\u00e9e de lecture estim\u00e9e\" \/>\n\t<meta name=\"twitter:data1\" content=\"1 minute\" \/>\n<script type=\"application\/ld+json\" class=\"yoast-schema-graph\">{\"@context\":\"https:\\\/\\\/schema.org\",\"@graph\":[{\"@type\":\"WebPage\",\"@id\":\"https:\\\/\\\/californiaraisins.ca\\\/fr\\\/les-raisins-secs-et-vous\\\/\",\"url\":\"https:\\\/\\\/californiaraisins.ca\\\/fr\\\/les-raisins-secs-et-vous\\\/\",\"name\":\"Les raisins secs et vous - California Raisins in Canada\",\"isPartOf\":{\"@id\":\"https:\\\/\\\/californiaraisins.ca\\\/fr\\\/#website\"},\"datePublished\":\"2020-07-17T14:00:31+00:00\",\"dateModified\":\"2020-09-30T14:22:41+00:00\",\"description\":\"Les raisins secs de Californie contribuent \u00e0 une alimentation saine.\",\"breadcrumb\":{\"@id\":\"https:\\\/\\\/californiaraisins.ca\\\/fr\\\/les-raisins-secs-et-vous\\\/#breadcrumb\"},\"inLanguage\":\"fr-FR\",\"potentialAction\":[{\"@type\":\"ReadAction\",\"target\":[\"https:\\\/\\\/californiaraisins.ca\\\/fr\\\/les-raisins-secs-et-vous\\\/\"]}]},{\"@type\":\"BreadcrumbList\",\"@id\":\"https:\\\/\\\/californiaraisins.ca\\\/fr\\\/les-raisins-secs-et-vous\\\/#breadcrumb\",\"itemListElement\":[{\"@type\":\"ListItem\",\"position\":1,\"name\":\"Home\",\"item\":\"https:\\\/\\\/californiaraisins.ca\\\/fr\\\/\"},{\"@type\":\"ListItem\",\"position\":2,\"name\":\"Les raisins secs et vous\"}]},{\"@type\":\"WebSite\",\"@id\":\"https:\\\/\\\/californiaraisins.ca\\\/fr\\\/#website\",\"url\":\"https:\\\/\\\/californiaraisins.ca\\\/fr\\\/\",\"name\":\"California Raisins in Canada\",\"description\":\"California Raisins in Canada\",\"potentialAction\":[{\"@type\":\"SearchAction\",\"target\":{\"@type\":\"EntryPoint\",\"urlTemplate\":\"https:\\\/\\\/californiaraisins.ca\\\/fr\\\/?s={search_term_string}\"},\"query-input\":{\"@type\":\"PropertyValueSpecification\",\"valueRequired\":true,\"valueName\":\"search_term_string\"}}],\"inLanguage\":\"fr-FR\"}]}<\/script>\n<!-- \/ Yoast SEO plugin. -->","yoast_head_json":{"title":"Les raisins secs et vous - California Raisins in Canada","description":"Les raisins secs de Californie contribuent \u00e0 une alimentation saine.","robots":{"index":"index","follow":"follow","max-snippet":"max-snippet:-1","max-image-preview":"max-image-preview:large","max-video-preview":"max-video-preview:-1"},"canonical":"https:\/\/californiaraisins.ca\/fr\/les-raisins-secs-et-vous\/","og_locale":"fr_FR","og_type":"article","og_title":"Les raisins secs et vous - California Raisins in Canada","og_description":"Les raisins secs de Californie contribuent \u00e0 une alimentation saine.","og_url":"https:\/\/californiaraisins.ca\/fr\/les-raisins-secs-et-vous\/","og_site_name":"California Raisins in Canada","article_modified_time":"2020-09-30T14:22:41+00:00","twitter_card":"summary_large_image","twitter_misc":{"Dur\u00e9e de lecture estim\u00e9e":"1 minute"},"schema":{"@context":"https:\/\/schema.org","@graph":[{"@type":"WebPage","@id":"https:\/\/californiaraisins.ca\/fr\/les-raisins-secs-et-vous\/","url":"https:\/\/californiaraisins.ca\/fr\/les-raisins-secs-et-vous\/","name":"Les raisins secs et vous - California Raisins in Canada","isPartOf":{"@id":"https:\/\/californiaraisins.ca\/fr\/#website"},"datePublished":"2020-07-17T14:00:31+00:00","dateModified":"2020-09-30T14:22:41+00:00","description":"Les raisins secs de Californie contribuent \u00e0 une alimentation saine.","breadcrumb":{"@id":"https:\/\/californiaraisins.ca\/fr\/les-raisins-secs-et-vous\/#breadcrumb"},"inLanguage":"fr-FR","potentialAction":[{"@type":"ReadAction","target":["https:\/\/californiaraisins.ca\/fr\/les-raisins-secs-et-vous\/"]}]},{"@type":"BreadcrumbList","@id":"https:\/\/californiaraisins.ca\/fr\/les-raisins-secs-et-vous\/#breadcrumb","itemListElement":[{"@type":"ListItem","position":1,"name":"Home","item":"https:\/\/californiaraisins.ca\/fr\/"},{"@type":"ListItem","position":2,"name":"Les raisins secs et vous"}]},{"@type":"WebSite","@id":"https:\/\/californiaraisins.ca\/fr\/#website","url":"https:\/\/californiaraisins.ca\/fr\/","name":"California Raisins in Canada","description":"California Raisins in Canada","potentialAction":[{"@type":"SearchAction","target":{"@type":"EntryPoint","urlTemplate":"https:\/\/californiaraisins.ca\/fr\/?s={search_term_string}"},"query-input":{"@type":"PropertyValueSpecification","valueRequired":true,"valueName":"search_term_string"}}],"inLanguage":"fr-FR"}]}},"_links":{"self":[{"href":"https:\/\/californiaraisins.ca\/fr\/wp-json\/wp\/v2\/pages\/12183","targetHints":{"allow":["GET"]}}],"collection":[{"href":"https:\/\/californiaraisins.ca\/fr\/wp-json\/wp\/v2\/pages"}],"about":[{"href":"https:\/\/californiaraisins.ca\/fr\/wp-json\/wp\/v2\/types\/page"}],"author":[{"embeddable":true,"href":"https:\/\/californiaraisins.ca\/fr\/wp-json\/wp\/v2\/users\/10"}],"replies":[{"embeddable":true,"href":"https:\/\/californiaraisins.ca\/fr\/wp-json\/wp\/v2\/comments?post=12183"}],"version-history":[{"count":9,"href":"https:\/\/californiaraisins.ca\/fr\/wp-json\/wp\/v2\/pages\/12183\/revisions"}],"predecessor-version":[{"id":12632,"href":"https:\/\/californiaraisins.ca\/fr\/wp-json\/wp\/v2\/pages\/12183\/revisions\/12632"}],"wp:attachment":[{"href":"https:\/\/californiaraisins.ca\/fr\/wp-json\/wp\/v2\/media?parent=12183"}],"curies":[{"name":"wp","href":"https:\/\/api.w.org\/{rel}","templated":true}]}}