{"id":12216,"date":"2020-07-20T15:24:09","date_gmt":"2020-07-20T15:24:09","guid":{"rendered":"https:\/\/californiaraisins.ca\/notre-industrie\/"},"modified":"2020-09-30T14:22:21","modified_gmt":"2020-09-30T14:22:21","slug":"industrie","status":"publish","type":"page","link":"https:\/\/californiaraisins.ca\/fr\/industrie\/","title":{"rendered":"Notre industrie"},"content":{"rendered":"<div class=\"wpb-content-wrapper\">[vc_section][vc_row][vc_column width=\u00a0\u00bb2\/3&Prime;][vc_column_text]\n<h3><strong>L\u2019industrie du raisin sec de Californie<\/strong><\/h3>\n<p>Dans une r\u00e9gion appel\u00e9e vall\u00e9e centrale San Joaquin, sur une superficie d\u2019environ 80\u2009000 hectares (200\u2009000 acres) et dans un rayon de 100 km de Fresno, en Californie, 2000 producteurs fournissent 100 % des raisins secs consomm\u00e9s aux \u00c9tats-Unis. Les deux tiers des raisins secs qui y sont produits sont consomm\u00e9s aux \u00c9tats-Unis et au Canada, le tiers restant est export\u00e9 dans une cinquantaine de pays, l\u2019Asie et l\u2019Europe \u00e9tant les deux principaux march\u00e9s d\u2019exportation.[\/vc_column_text][\/vc_column][vc_column width=\u00a0\u00bb1\/3&Prime;][vc_single_image image=\u00a0\u00bb12203&Prime; img_size=\u00a0\u00bbfull\u00a0\u00bb alignment=\u00a0\u00bbcenter\u00a0\u00bb][\/vc_column][\/vc_row][\/vc_section][vc_section el_class=\u00a0\u00bbindustry-videos\u00a0\u00bb][vc_row][vc_column][vc_column_text]\n<h3>Vid\u00e9os<\/h3>\n[\/vc_column_text][vc_column_text]Savez-vous comment vos raisins secs voyagent de la vigne jusqu\u2019\u00e0 vous\u2009? Suivez le raisin sec de Californie du vignoble \u00e0 l\u2019usine qui en fait un ingr\u00e9dient et une collation de qualit\u00e9\u2009![\/vc_column_text][vc_row_inner el_class=\u00a0\u00bbfeatured-video\u00a0\u00bb][vc_column_inner el_class=\u00a0\u00bbflex-reverse\u00a0\u00bb][vc_column_text el_class=\u00a0\u00bbvideo-heading\u00a0\u00bb]\n<h4>: Vue d\u2019ensemble de la production de raisins secs en Californie<\/h4>\n[\/vc_column_text][vc_video link=\u00a0\u00bbhttps:\/\/vimeo.com\/292993423&Prime; align=\u00a0\u00bbcenter\u00a0\u00bb][\/vc_column_inner][\/vc_row_inner][\/vc_column][\/vc_row][vc_row equal_height=\u00a0\u00bbyes\u00a0\u00bb][vc_column width=\u00a0\u00bb1\/2&Prime;][vc_column_text el_class=\u00a0\u00bbvideo-heading\u00a0\u00bb]\n<h4>On ne joue pas avec la s\u00e9curit\u00e9 alimentaire<\/h4>\n[\/vc_column_text][vc_video link=\u00a0\u00bbhttps:\/\/vimeo.com\/292993652&Prime;][\/vc_column][vc_column width=\u00a0\u00bb1\/2&Prime;][vc_column_text el_class=\u00a0\u00bbvideo-heading\u00a0\u00bb]\n<h4>Des raisins secs pr\u00e9par\u00e9s avec soin<\/h4>\n[\/vc_column_text][vc_video link=\u00a0\u00bbhttps:\/\/vimeo.com\/292993845&Prime;][\/vc_column][\/vc_row][vc_row equal_height=\u00a0\u00bbyes\u00a0\u00bb][vc_column width=\u00a0\u00bb1\/2&Prime;][vc_column_text el_class=\u00a0\u00bbvideo-heading\u00a0\u00bb]\n<h4>La culture et la r\u00e9colte des raisins secs de Californie<\/h4>\n[\/vc_column_text][vc_video link=\u00a0\u00bbhttps:\/\/vimeo.com\/292993960&Prime;][\/vc_column][vc_column width=\u00a0\u00bb1\/2&Prime;][vc_column_text el_class=\u00a0\u00bbvideo-heading\u00a0\u00bb]\n<h4>La versatilit\u00e9 des raisins secs de Californie<\/h4>\n[\/vc_column_text][vc_video link=\u00a0\u00bbhttps:\/\/vimeo.com\/292994082&Prime;][\/vc_column][\/vc_row][vc_row equal_height=\u00a0\u00bbyes\u00a0\u00bb][vc_column width=\u00a0\u00bb1\/2&Prime;][vc_column_text el_class=\u00a0\u00bbvideo-heading\u00a0\u00bb]\n<h4>Le commerce des raisins secs de Californie<\/h4>\n[\/vc_column_text][vc_video link=\u00a0\u00bbhttps:\/\/vimeo.com\/292994190&Prime;][\/vc_column][vc_column width=\u00a0\u00bb1\/2&Prime;][vc_column_text el_class=\u00a0\u00bbvideo-heading\u00a0\u00bb]\n<h4>: Un aliment nutritif porteur de vie<\/h4>\n[\/vc_column_text][vc_video link=\u00a0\u00bbhttps:\/\/vimeo.com\/292994572&Prime;][\/vc_column][\/vc_row][vc_row equal_height=\u00a0\u00bbyes\u00a0\u00bb][vc_column width=\u00a0\u00bb1\/2&Prime;][vc_column_text el_class=\u00a0\u00bbvideo-heading\u00a0\u00bb]\n<h4>: La vie d\u2019un producteur de raisins secs<\/h4>\n[\/vc_column_text][vc_video link=\u00a0\u00bbhttps:\/\/vimeo.com\/292994704&Prime;][\/vc_column][vc_column width=\u00a0\u00bb1\/2&Prime;][vc_column_text el_class=\u00a0\u00bbvideo-heading\u00a0\u00bb]\n<h4>Une riche histoire en train de s\u2019\u00e9crire<\/h4>\n[\/vc_column_text][vc_video link=\u00a0\u00bbhttps:\/\/vimeo.com\/292994797&Prime;][\/vc_column][\/vc_row][\/vc_section]\n<\/div>","protected":false},"excerpt":{"rendered":"<p>[vc_section][vc_row][vc_column width=\u00a0\u00bb2\/3&Prime;][vc_column_text]<br \/>\nL\u2019industrie du raisin sec de Californie<br \/>\nDans une r\u00e9gion appel\u00e9e vall\u00e9e centrale San Joaquin, sur une superficie d\u2019environ 80\u2009000 hectares (200\u2009000 acres) et dans un rayon de 100 km de Fresno, en Californie, 2000 producteurs fournissent 100 % des raisins secs consomm\u00e9s aux \u00c9tats-Unis. Les deux tiers des raisins secs qui y sont produits sont consomm\u00e9s aux \u00c9tats-Unis et au Canada, le tiers restant est export\u00e9 dans une cinquantaine de pays, l\u2019Asie et l\u2019Europe \u00e9tant les deux principaux &#8230;<\/p>\n","protected":false},"author":10,"featured_media":0,"parent":0,"menu_order":0,"comment_status":"closed","ping_status":"closed","template":"","meta":{"footnotes":""},"class_list":["post-12216","page","type-page","status-publish","hentry"],"yoast_head":"<!-- This site is optimized with the Yoast SEO plugin v27.3 - https:\/\/yoast.com\/product\/yoast-seo-wordpress\/ -->\n<title>Notre industrie - California Raisins in Canada<\/title>\n<meta name=\"description\" content=\"En savoir comment vos raisins secs voyagent de la vigne jusqu\u2019\u00e0 vous\" \/>\n<meta name=\"robots\" content=\"index, follow, max-snippet:-1, max-image-preview:large, max-video-preview:-1\" \/>\n<link rel=\"canonical\" href=\"https:\/\/californiaraisins.ca\/fr\/industrie\/\" \/>\n<meta property=\"og:locale\" content=\"fr_FR\" \/>\n<meta property=\"og:type\" content=\"article\" \/>\n<meta property=\"og:title\" content=\"Notre industrie - California Raisins in Canada\" \/>\n<meta property=\"og:description\" content=\"En savoir comment vos raisins secs voyagent de la vigne jusqu\u2019\u00e0 vous\" \/>\n<meta property=\"og:url\" content=\"https:\/\/californiaraisins.ca\/fr\/industrie\/\" \/>\n<meta property=\"og:site_name\" content=\"California Raisins in Canada\" \/>\n<meta property=\"article:modified_time\" content=\"2020-09-30T14:22:21+00:00\" \/>\n<meta name=\"twitter:card\" content=\"summary_large_image\" \/>\n<meta name=\"twitter:label1\" content=\"Dur\u00e9e de lecture estim\u00e9e\" \/>\n\t<meta name=\"twitter:data1\" content=\"2 minutes\" \/>\n<script type=\"application\/ld+json\" class=\"yoast-schema-graph\">{\"@context\":\"https:\\\/\\\/schema.org\",\"@graph\":[{\"@type\":\"WebPage\",\"@id\":\"https:\\\/\\\/californiaraisins.ca\\\/fr\\\/industrie\\\/\",\"url\":\"https:\\\/\\\/californiaraisins.ca\\\/fr\\\/industrie\\\/\",\"name\":\"Notre industrie - California Raisins in Canada\",\"isPartOf\":{\"@id\":\"https:\\\/\\\/californiaraisins.ca\\\/fr\\\/#website\"},\"datePublished\":\"2020-07-20T15:24:09+00:00\",\"dateModified\":\"2020-09-30T14:22:21+00:00\",\"description\":\"En savoir comment vos raisins secs voyagent de la vigne jusqu\u2019\u00e0 vous\",\"breadcrumb\":{\"@id\":\"https:\\\/\\\/californiaraisins.ca\\\/fr\\\/industrie\\\/#breadcrumb\"},\"inLanguage\":\"fr-FR\",\"potentialAction\":[{\"@type\":\"ReadAction\",\"target\":[\"https:\\\/\\\/californiaraisins.ca\\\/fr\\\/industrie\\\/\"]}]},{\"@type\":\"BreadcrumbList\",\"@id\":\"https:\\\/\\\/californiaraisins.ca\\\/fr\\\/industrie\\\/#breadcrumb\",\"itemListElement\":[{\"@type\":\"ListItem\",\"position\":1,\"name\":\"Home\",\"item\":\"https:\\\/\\\/californiaraisins.ca\\\/fr\\\/\"},{\"@type\":\"ListItem\",\"position\":2,\"name\":\"Notre industrie\"}]},{\"@type\":\"WebSite\",\"@id\":\"https:\\\/\\\/californiaraisins.ca\\\/fr\\\/#website\",\"url\":\"https:\\\/\\\/californiaraisins.ca\\\/fr\\\/\",\"name\":\"California Raisins in Canada\",\"description\":\"California Raisins in Canada\",\"potentialAction\":[{\"@type\":\"SearchAction\",\"target\":{\"@type\":\"EntryPoint\",\"urlTemplate\":\"https:\\\/\\\/californiaraisins.ca\\\/fr\\\/?s={search_term_string}\"},\"query-input\":{\"@type\":\"PropertyValueSpecification\",\"valueRequired\":true,\"valueName\":\"search_term_string\"}}],\"inLanguage\":\"fr-FR\"}]}<\/script>\n<!-- \/ Yoast SEO plugin. -->","yoast_head_json":{"title":"Notre industrie - California Raisins in Canada","description":"En savoir comment vos raisins secs voyagent de la vigne jusqu\u2019\u00e0 vous","robots":{"index":"index","follow":"follow","max-snippet":"max-snippet:-1","max-image-preview":"max-image-preview:large","max-video-preview":"max-video-preview:-1"},"canonical":"https:\/\/californiaraisins.ca\/fr\/industrie\/","og_locale":"fr_FR","og_type":"article","og_title":"Notre industrie - California Raisins in Canada","og_description":"En savoir comment vos raisins secs voyagent de la vigne jusqu\u2019\u00e0 vous","og_url":"https:\/\/californiaraisins.ca\/fr\/industrie\/","og_site_name":"California Raisins in Canada","article_modified_time":"2020-09-30T14:22:21+00:00","twitter_card":"summary_large_image","twitter_misc":{"Dur\u00e9e de lecture estim\u00e9e":"2 minutes"},"schema":{"@context":"https:\/\/schema.org","@graph":[{"@type":"WebPage","@id":"https:\/\/californiaraisins.ca\/fr\/industrie\/","url":"https:\/\/californiaraisins.ca\/fr\/industrie\/","name":"Notre industrie - California Raisins in Canada","isPartOf":{"@id":"https:\/\/californiaraisins.ca\/fr\/#website"},"datePublished":"2020-07-20T15:24:09+00:00","dateModified":"2020-09-30T14:22:21+00:00","description":"En savoir comment vos raisins secs voyagent de la vigne jusqu\u2019\u00e0 vous","breadcrumb":{"@id":"https:\/\/californiaraisins.ca\/fr\/industrie\/#breadcrumb"},"inLanguage":"fr-FR","potentialAction":[{"@type":"ReadAction","target":["https:\/\/californiaraisins.ca\/fr\/industrie\/"]}]},{"@type":"BreadcrumbList","@id":"https:\/\/californiaraisins.ca\/fr\/industrie\/#breadcrumb","itemListElement":[{"@type":"ListItem","position":1,"name":"Home","item":"https:\/\/californiaraisins.ca\/fr\/"},{"@type":"ListItem","position":2,"name":"Notre industrie"}]},{"@type":"WebSite","@id":"https:\/\/californiaraisins.ca\/fr\/#website","url":"https:\/\/californiaraisins.ca\/fr\/","name":"California Raisins in Canada","description":"California Raisins in Canada","potentialAction":[{"@type":"SearchAction","target":{"@type":"EntryPoint","urlTemplate":"https:\/\/californiaraisins.ca\/fr\/?s={search_term_string}"},"query-input":{"@type":"PropertyValueSpecification","valueRequired":true,"valueName":"search_term_string"}}],"inLanguage":"fr-FR"}]}},"_links":{"self":[{"href":"https:\/\/californiaraisins.ca\/fr\/wp-json\/wp\/v2\/pages\/12216","targetHints":{"allow":["GET"]}}],"collection":[{"href":"https:\/\/californiaraisins.ca\/fr\/wp-json\/wp\/v2\/pages"}],"about":[{"href":"https:\/\/californiaraisins.ca\/fr\/wp-json\/wp\/v2\/types\/page"}],"author":[{"embeddable":true,"href":"https:\/\/californiaraisins.ca\/fr\/wp-json\/wp\/v2\/users\/10"}],"replies":[{"embeddable":true,"href":"https:\/\/californiaraisins.ca\/fr\/wp-json\/wp\/v2\/comments?post=12216"}],"version-history":[{"count":6,"href":"https:\/\/californiaraisins.ca\/fr\/wp-json\/wp\/v2\/pages\/12216\/revisions"}],"predecessor-version":[{"id":12629,"href":"https:\/\/californiaraisins.ca\/fr\/wp-json\/wp\/v2\/pages\/12216\/revisions\/12629"}],"wp:attachment":[{"href":"https:\/\/californiaraisins.ca\/fr\/wp-json\/wp\/v2\/media?parent=12216"}],"curies":[{"name":"wp","href":"https:\/\/api.w.org\/{rel}","templated":true}]}}